{"id":1022,"date":"2024-04-15T23:51:47","date_gmt":"2024-04-15T23:51:47","guid":{"rendered":"https:\/\/catlitter-manufacturer.com\/product\/tpr-dog-toy-molars-stick-chew-fun-cleaning-dog-chew-pet-interactive-toys\/"},"modified":"2024-04-23T10:04:45","modified_gmt":"2024-04-23T10:04:45","slug":"tpr-dog-toy-molars-stick-chew-fun-cleaning-dog-chew-pet-interactive-toys","status":"publish","type":"product","link":"https:\/\/catlitter-manufacturer.com\/da\/produkt\/tpr-dog-toy-molars-stick-chew-fun-cleaning-dog-chew-pet-interactive-toys\/","title":{"rendered":"TPR hundeleget\u00f8j kindt\u00e6nder pind tygge sjov reng\u00f8ring Dog Chew k\u00e6ledyr interaktivt leget\u00f8j"},"content":{"rendered":"<ul>\n<li><strong>Materiale : <\/strong> rubber<\/li>\n<li><strong>Product Name : <\/strong> Teeth cleaning dog bite glue<\/li>\n<li><strong>Farve : <\/strong> Pink Blue Green<\/li>\n<li><strong>Materrial : <\/strong> TPR<\/li>\n<li><strong>Type : <\/strong> Leget\u00f8j til k\u00e6ledyr<\/li>\n<li><strong>Toys Type : <\/strong> Chew Toys<\/li>\n<\/ul>","protected":false},"excerpt":{"rendered":"<p>Material : rubber Product Name : Teeth cleaning dog bite glue Color : Pink Blue Green Materrial : TPR Type : Pet Toys Toys Type : Chew Toys<\/p>","protected":false},"featured_media":1021,"comment_status":"open","ping_status":"closed","template":"","meta":[],"product_cat":[40],"product_tag":[46,27,45],"class_list":{"0":"post-1022","1":"product","2":"type-product","3":"status-publish","4":"has-post-thumbnail","6":"product_cat-pet-toys","7":"product_tag-pet-chew-toys","8":"product_tag-pet-products","9":"product_tag-pet-toys","11":"first","12":"instock","13":"shipping-taxable","14":"product-type-simple"},"_links":{"self":[{"href":"https:\/\/catlitter-manufacturer.com\/da\/wp-json\/wp\/v2\/product\/1022","targetHints":{"allow":["GET"]}}],"collection":[{"href":"https:\/\/catlitter-manufacturer.com\/da\/wp-json\/wp\/v2\/product"}],"about":[{"href":"https:\/\/catlitter-manufacturer.com\/da\/wp-json\/wp\/v2\/types\/product"}],"replies":[{"embeddable":true,"href":"https:\/\/catlitter-manufacturer.com\/da\/wp-json\/wp\/v2\/comments?post=1022"}],"wp:featuredmedia":[{"embeddable":true,"href":"https:\/\/catlitter-manufacturer.com\/da\/wp-json\/wp\/v2\/media\/1021"}],"wp:attachment":[{"href":"https:\/\/catlitter-manufacturer.com\/da\/wp-json\/wp\/v2\/media?parent=1022"}],"wp:term":[{"taxonomy":"product_cat","embeddable":true,"href":"https:\/\/catlitter-manufacturer.com\/da\/wp-json\/wp\/v2\/product_cat?post=1022"},{"taxonomy":"product_tag","embeddable":true,"href":"https:\/\/catlitter-manufacturer.com\/da\/wp-json\/wp\/v2\/product_tag?post=1022"}],"curies":[{"name":"wp","href":"https:\/\/api.w.org\/{rel}","templated":true}]}}