{"id":1046,"date":"2024-04-15T23:53:15","date_gmt":"2024-04-15T23:53:15","guid":{"rendered":"https:\/\/catlitter-manufacturer.com\/product\/eco-friendly-sturdy-and-durable-corrugated-paper-pet-wave-shape-small-size-pad-cat-scratcher-cardboard\/"},"modified":"2024-04-23T10:04:27","modified_gmt":"2024-04-23T10:04:27","slug":"eco-friendly-sturdy-and-durable-corrugated-paper-pet-wave-shape-small-size-pad-cat-scratcher-cardboard","status":"publish","type":"product","link":"https:\/\/catlitter-manufacturer.com\/da\/produkt\/eco-friendly-sturdy-and-durable-corrugated-paper-pet-wave-shape-small-size-pad-cat-scratcher-cardboard\/","title":{"rendered":"Milj\u00f8venligt, robust og holdbart b\u00f8lgepap til k\u00e6ledyr med b\u00f8lgeform i lille st\u00f8rrelse Kattekradsebr\u00e6t af pap"},"content":{"rendered":"<ul>\n<li><strong>Model Number : <\/strong> HS-C013<\/li>\n<li><strong>Funktion : <\/strong> B\u00e6redygtig<\/li>\n<li><strong>Anvendelse : <\/strong> Katte<\/li>\n<li><strong>Materiale : <\/strong> Paper, paper<\/li>\n<li><strong>Usage : <\/strong> cat toy<\/li>\n<li><strong>MOQ : <\/strong> 500pcs<\/li>\n<li><strong>For pet type : <\/strong> cat<\/li>\n<li><strong>Pakning : <\/strong> Carton Box<\/li>\n<li><strong>OEM : <\/strong> Accpectable<\/li>\n<li><strong>Brand : <\/strong> Haosen<\/li>\n<\/ul>","protected":false},"excerpt":{"rendered":"<p>Model Number : HS-C013 Feature : Sustainable Application : Cats Material : Paper, paper Usage : cat toy MOQ : 500pcs For pet type : cat Packing : Carton Box OEM : Accpectable Brand : Haosen<\/p>","protected":false},"featured_media":1045,"comment_status":"open","ping_status":"closed","template":"","meta":[],"product_cat":[40],"product_tag":[47,27,45],"class_list":{"0":"post-1046","1":"product","2":"type-product","3":"status-publish","4":"has-post-thumbnail","6":"product_cat-pet-toys","7":"product_tag-cat-trees-scratcher","8":"product_tag-pet-products","9":"product_tag-pet-toys","11":"first","12":"instock","13":"shipping-taxable","14":"product-type-simple"},"_links":{"self":[{"href":"https:\/\/catlitter-manufacturer.com\/da\/wp-json\/wp\/v2\/product\/1046","targetHints":{"allow":["GET"]}}],"collection":[{"href":"https:\/\/catlitter-manufacturer.com\/da\/wp-json\/wp\/v2\/product"}],"about":[{"href":"https:\/\/catlitter-manufacturer.com\/da\/wp-json\/wp\/v2\/types\/product"}],"replies":[{"embeddable":true,"href":"https:\/\/catlitter-manufacturer.com\/da\/wp-json\/wp\/v2\/comments?post=1046"}],"wp:featuredmedia":[{"embeddable":true,"href":"https:\/\/catlitter-manufacturer.com\/da\/wp-json\/wp\/v2\/media\/1045"}],"wp:attachment":[{"href":"https:\/\/catlitter-manufacturer.com\/da\/wp-json\/wp\/v2\/media?parent=1046"}],"wp:term":[{"taxonomy":"product_cat","embeddable":true,"href":"https:\/\/catlitter-manufacturer.com\/da\/wp-json\/wp\/v2\/product_cat?post=1046"},{"taxonomy":"product_tag","embeddable":true,"href":"https:\/\/catlitter-manufacturer.com\/da\/wp-json\/wp\/v2\/product_tag?post=1046"}],"curies":[{"name":"wp","href":"https:\/\/api.w.org\/{rel}","templated":true}]}}