{"id":1118,"date":"2024-04-15T23:56:12","date_gmt":"2024-04-15T23:56:12","guid":{"rendered":"https:\/\/catlitter-manufacturer.com\/product\/new-cat-litter-partner-can-mix-all-kinds-of-cat-litter-sober-air-deodorization-beads\/"},"modified":"2024-04-23T10:02:33","modified_gmt":"2024-04-23T10:02:33","slug":"new-cat-litter-partner-can-mix-all-kinds-of-cat-litter-sober-air-deodorization-beads","status":"publish","type":"product","link":"https:\/\/catlitter-manufacturer.com\/da\/produkt\/ny-kattegruspartner-kan-blande-alle-slags-kattegrus-aedruelige-luftdeodoriseringsperler\/","title":{"rendered":"Ny kattegruspartner kan blande alle slags kattegrus \u00e6druelige luftdeodoriseringsperler"},"content":{"rendered":"<ul>\n<li><strong>Oprindelsessted : <\/strong> Hebei, Kina<\/li>\n<li><strong>Anvendelse : <\/strong> Katte<\/li>\n<li><strong>Varetype : <\/strong> Deodoriseringsperler til kattegrus<\/li>\n<li><strong>Produktnavn : <\/strong> Deodorantperler<\/li>\n<li><strong>Farve : <\/strong> Bl\u00e5 pink gr\u00e5 gr\u00f8n<\/li>\n<li><strong>St\u00f8rrelse : <\/strong> 450g<\/li>\n<li><strong>OEM\/ODM : <\/strong> Tilg\u00e6ngelig<\/li>\n<li><strong>Pakning : <\/strong> Karton\u00e6ske 450g*24 kopper<\/li>\n<li><strong>Holdbarhed : <\/strong> 36 m\u00e5neder<\/li>\n<li><strong>Funktion : <\/strong> B\u00e6redygtig<\/li>\n<\/ul>","protected":false},"excerpt":{"rendered":"<p>Oprindelsessted: Hebei, Kina Anvendelse: Katte Varetype : Deodoriseringsperler til kattegrus Produktnavn: deodorantperler Farve: Bl\u00e5 lyser\u00f8d gr\u00e5gr\u00f8n St\u00f8rrelse: 450 g OEM \/ ODM: Tilg\u00e6ngelig Pakning: Karton\u00e6ske 450 g * 24 kopper Holdbarhed: 36 m\u00e5neder Funktion: B\u00e6redygtig<\/p>","protected":false},"featured_media":1117,"comment_status":"open","ping_status":"closed","template":"","meta":[],"product_cat":[41],"product_tag":[29,28,27],"class_list":{"0":"post-1118","1":"product","2":"type-product","3":"status-publish","4":"has-post-thumbnail","6":"product_cat-other-accessories","7":"product_tag-cat-litter","8":"product_tag-pet-cleaning-grooming-products","9":"product_tag-pet-products","11":"first","12":"instock","13":"shipping-taxable","14":"product-type-simple"},"_links":{"self":[{"href":"https:\/\/catlitter-manufacturer.com\/da\/wp-json\/wp\/v2\/product\/1118","targetHints":{"allow":["GET"]}}],"collection":[{"href":"https:\/\/catlitter-manufacturer.com\/da\/wp-json\/wp\/v2\/product"}],"about":[{"href":"https:\/\/catlitter-manufacturer.com\/da\/wp-json\/wp\/v2\/types\/product"}],"replies":[{"embeddable":true,"href":"https:\/\/catlitter-manufacturer.com\/da\/wp-json\/wp\/v2\/comments?post=1118"}],"wp:featuredmedia":[{"embeddable":true,"href":"https:\/\/catlitter-manufacturer.com\/da\/wp-json\/wp\/v2\/media\/1117"}],"wp:attachment":[{"href":"https:\/\/catlitter-manufacturer.com\/da\/wp-json\/wp\/v2\/media?parent=1118"}],"wp:term":[{"taxonomy":"product_cat","embeddable":true,"href":"https:\/\/catlitter-manufacturer.com\/da\/wp-json\/wp\/v2\/product_cat?post=1118"},{"taxonomy":"product_tag","embeddable":true,"href":"https:\/\/catlitter-manufacturer.com\/da\/wp-json\/wp\/v2\/product_tag?post=1118"}],"curies":[{"name":"wp","href":"https:\/\/api.w.org\/{rel}","templated":true}]}}