{"id":729,"date":"2024-04-15T23:35:43","date_gmt":"2024-04-15T23:35:43","guid":{"rendered":"https:\/\/catlitter-manufacturer.com\/product\/wholesale-pet-water-fountain-keep-water-fresh-large-capacity-pet-bowls-cat-water-fountain\/"},"modified":"2024-04-23T10:06:50","modified_gmt":"2024-04-23T10:06:50","slug":"wholesale-pet-water-fountain-keep-water-fresh-large-capacity-pet-bowls-cat-water-fountain","status":"publish","type":"product","link":"https:\/\/catlitter-manufacturer.com\/da\/produkt\/wholesale-pet-water-fountain-keep-water-fresh-large-capacity-pet-bowls-cat-water-fountain\/","title":{"rendered":"Engros vandfont\u00e6ne til k\u00e6ledyr Hold vandet frisk K\u00e6ledyrssk\u00e5le med stor kapacitet Vandfont\u00e6ne til katte"},"content":{"rendered":"<ul>\n<li><strong>Type : <\/strong> Sk\u00e5le og foderautomater til k\u00e6ledyr<\/li>\n<li><strong>Varetype : <\/strong> Bowls<\/li>\n<li><strong>Tidsindstilling : <\/strong> NEJ<\/li>\n<li><strong>LCD-sk\u00e6rm : <\/strong> NEJ<\/li>\n<li><strong>Form : <\/strong> Afrundet<\/li>\n<li><strong>Materiale : <\/strong> ABS<\/li>\n<li><strong>Power Source : <\/strong> CHARGE<\/li>\n<li><strong>Sk\u00e5l- og fodertype : <\/strong> Water feeder<\/li>\n<li><strong>Anvendelse : <\/strong> cats\/dogs<\/li>\n<li><strong>Funktion : <\/strong> Automatic<\/li>\n<li><strong>Oprindelsessted : <\/strong> Kina<\/li>\n<li><strong>Capacity : <\/strong> 2L<\/li>\n<li><strong>Weight : <\/strong> 1kg<\/li>\n<li><strong>Power Supply : <\/strong> CHARGE OR BATTERY<\/li>\n<li><strong>Voltage : <\/strong> 5V<\/li>\n<li><strong>Product Size : <\/strong> 22*22.8*17.8<\/li>\n<li><strong>Packaging Quantity : <\/strong> 18 in one box<\/li>\n<li><strong>Package Size : <\/strong> 80*48.5*55.5<\/li>\n<li><strong>Package Weight : <\/strong> 29kg<\/li>\n<\/ul>","protected":false},"excerpt":{"rendered":"<p>Type : Pet Bowls &amp; Feeders Item Type : Bowls Time Setting : NO LCD Display : NO Shape : Rounded Material : ABS Power Source : CHARGE Bowl &amp; Feeder Type : Water feeder Application : cats\/dogs Feature : Automatic Place of Origin : China Capacity : 2L Weight : 1kg Power Supply : [&hellip;]<\/p>","protected":false},"featured_media":728,"comment_status":"open","ping_status":"closed","template":"","meta":[],"product_cat":[36],"product_tag":[43,27],"class_list":{"0":"post-729","1":"product","2":"type-product","3":"status-publish","4":"has-post-thumbnail","6":"product_cat-smart-feeders","7":"product_tag-pet-bowls-feeders","8":"product_tag-pet-products","10":"first","11":"instock","12":"shipping-taxable","13":"product-type-simple"},"_links":{"self":[{"href":"https:\/\/catlitter-manufacturer.com\/da\/wp-json\/wp\/v2\/product\/729","targetHints":{"allow":["GET"]}}],"collection":[{"href":"https:\/\/catlitter-manufacturer.com\/da\/wp-json\/wp\/v2\/product"}],"about":[{"href":"https:\/\/catlitter-manufacturer.com\/da\/wp-json\/wp\/v2\/types\/product"}],"replies":[{"embeddable":true,"href":"https:\/\/catlitter-manufacturer.com\/da\/wp-json\/wp\/v2\/comments?post=729"}],"wp:featuredmedia":[{"embeddable":true,"href":"https:\/\/catlitter-manufacturer.com\/da\/wp-json\/wp\/v2\/media\/728"}],"wp:attachment":[{"href":"https:\/\/catlitter-manufacturer.com\/da\/wp-json\/wp\/v2\/media?parent=729"}],"wp:term":[{"taxonomy":"product_cat","embeddable":true,"href":"https:\/\/catlitter-manufacturer.com\/da\/wp-json\/wp\/v2\/product_cat?post=729"},{"taxonomy":"product_tag","embeddable":true,"href":"https:\/\/catlitter-manufacturer.com\/da\/wp-json\/wp\/v2\/product_tag?post=729"}],"curies":[{"name":"wp","href":"https:\/\/api.w.org\/{rel}","templated":true}]}}