{"id":925,"date":"2024-04-15T23:46:50","date_gmt":"2024-04-15T23:46:50","guid":{"rendered":"https:\/\/catlitter-manufacturer.com\/product\/two-in-one-pet-bowls-feeders-have-sufficient-inventory-of-cartoon-frog-pet-double-bowls-frog-pet-bowls\/"},"modified":"2024-04-23T10:06:10","modified_gmt":"2024-04-23T10:06:10","slug":"two-in-one-pet-bowls-feeders-have-sufficient-inventory-of-cartoon-frog-pet-double-bowls-frog-pet-bowls","status":"publish","type":"product","link":"https:\/\/catlitter-manufacturer.com\/da\/produkt\/two-in-one-pet-bowls-feeders-have-sufficient-inventory-of-cartoon-frog-pet-double-bowls-frog-pet-bowls\/","title":{"rendered":"To-i-en-sk\u00e5le til k\u00e6ledyr har tilstr\u00e6kkelig beholdning af tegneseriefr\u00f8-dobbeltsk\u00e5le til k\u00e6ledyr fr\u00f8-sk\u00e5le til k\u00e6ledyr"},"content":{"rendered":"<ul>\n<li><strong>Type : <\/strong> Sk\u00e5le og foderautomater til k\u00e6ledyr<\/li>\n<li><strong>Varetype : <\/strong> Vandflasker<\/li>\n<li><strong>Tidsindstilling : <\/strong> NEJ<\/li>\n<li><strong>LCD-sk\u00e6rm : <\/strong> NEJ<\/li>\n<li><strong>Form : <\/strong> Afrundet<\/li>\n<li><strong>Materiale : <\/strong> Copper;Plastic, Stainless Steel Material<\/li>\n<li><strong>Voltage : <\/strong> Not Applicable<\/li>\n<li><strong>Sk\u00e5l- og fodertype : <\/strong> Bowls, Cups &amp; Pails<\/li>\n<li><strong>Anvendelse : <\/strong> Sm\u00e5 dyr<\/li>\n<li><strong>Funktion : <\/strong> Automatic, Non-automatic, Stocked, Stocked<\/li>\n<li><strong>Oprindelsessted : <\/strong> Hebei, Kina<\/li>\n<li><strong>Brand Name : <\/strong> OEM\/ODM<\/li>\n<li><strong>Produktnavn : <\/strong> Dog Food Bowl<\/li>\n<li><strong>Usage : <\/strong> Pet Feeding Food<\/li>\n<li><strong>Suitable for : <\/strong> Dogs Cats Small Animals<\/li>\n<\/ul>","protected":false},"excerpt":{"rendered":"<p>Type : Pet Bowls &amp; Feeders Item Type : Water Bottles Time Setting : NO LCD Display : NO Shape : Rounded Material : Copper;Plastic, Stainless Steel Material Voltage : Not Applicable Bowl &amp; Feeder Type : Bowls, Cups &amp; Pails Application : Small Animals Feature : Automatic, Non-automatic, Stocked, Stocked Place of Origin : [&hellip;]<\/p>","protected":false},"featured_media":924,"comment_status":"open","ping_status":"closed","template":"","meta":[],"product_cat":[39],"product_tag":[43,27],"class_list":{"0":"post-925","1":"product","2":"type-product","3":"status-publish","4":"has-post-thumbnail","6":"product_cat-pet-bows","7":"product_tag-pet-bowls-feeders","8":"product_tag-pet-products","10":"first","11":"instock","12":"shipping-taxable","13":"product-type-simple"},"_links":{"self":[{"href":"https:\/\/catlitter-manufacturer.com\/da\/wp-json\/wp\/v2\/product\/925","targetHints":{"allow":["GET"]}}],"collection":[{"href":"https:\/\/catlitter-manufacturer.com\/da\/wp-json\/wp\/v2\/product"}],"about":[{"href":"https:\/\/catlitter-manufacturer.com\/da\/wp-json\/wp\/v2\/types\/product"}],"replies":[{"embeddable":true,"href":"https:\/\/catlitter-manufacturer.com\/da\/wp-json\/wp\/v2\/comments?post=925"}],"wp:featuredmedia":[{"embeddable":true,"href":"https:\/\/catlitter-manufacturer.com\/da\/wp-json\/wp\/v2\/media\/924"}],"wp:attachment":[{"href":"https:\/\/catlitter-manufacturer.com\/da\/wp-json\/wp\/v2\/media?parent=925"}],"wp:term":[{"taxonomy":"product_cat","embeddable":true,"href":"https:\/\/catlitter-manufacturer.com\/da\/wp-json\/wp\/v2\/product_cat?post=925"},{"taxonomy":"product_tag","embeddable":true,"href":"https:\/\/catlitter-manufacturer.com\/da\/wp-json\/wp\/v2\/product_tag?post=925"}],"curies":[{"name":"wp","href":"https:\/\/api.w.org\/{rel}","templated":true}]}}