{"id":957,"date":"2024-04-15T23:48:05","date_gmt":"2024-04-15T23:48:05","guid":{"rendered":"https:\/\/catlitter-manufacturer.com\/product\/wholesale-four-legged-cat-ear-transparent-belt-new-stock-stainless-steel-pet-single-bowl-cat-feeding-bowl\/"},"modified":"2024-04-23T10:05:10","modified_gmt":"2024-04-23T10:05:10","slug":"wholesale-four-legged-cat-ear-transparent-belt-new-stock-stainless-steel-pet-single-bowl-cat-feeding-bowl","status":"publish","type":"product","link":"https:\/\/catlitter-manufacturer.com\/da\/produkt\/wholesale-four-legged-cat-ear-transparent-belt-new-stock-stainless-steel-pet-single-bowl-cat-feeding-bowl\/","title":{"rendered":"Engros firbenet katte\u00f8re gennemsigtigt b\u00e6lte nyt lager rustfrit st\u00e5l k\u00e6ledyr enkelt sk\u00e5l kattefodersk\u00e5l"},"content":{"rendered":"<ul>\n<li><strong>Type : <\/strong> Sk\u00e5le og foderautomater til k\u00e6ledyr<\/li>\n<li><strong>Varetype : <\/strong> Vandflasker<\/li>\n<li><strong>Tidsindstilling : <\/strong> NEJ<\/li>\n<li><strong>LCD-sk\u00e6rm : <\/strong> NEJ<\/li>\n<li><strong>Form : <\/strong> Afrundet<\/li>\n<li><strong>Materiale : <\/strong> Copper;Plastic<\/li>\n<li><strong>Voltage : <\/strong> 110-240V<\/li>\n<li><strong>Sk\u00e5l- og fodertype : <\/strong> Automatiske foderautomater og vandingsmaskiner<\/li>\n<li><strong>Anvendelse : <\/strong> Sm\u00e5 dyr<\/li>\n<li><strong>Funktion : <\/strong> Automatic, Sustainable, Non-automatic, Stocked<\/li>\n<li><strong>Oprindelsessted : <\/strong> Hebei, Kina<\/li>\n<li><strong>Brand Name : <\/strong> OEM\/ODM<\/li>\n<li><strong>Circulating water : <\/strong> JA<\/li>\n<li><strong>Mute setting : <\/strong> JA<\/li>\n<li><strong>Separation of water and electricity : <\/strong> JA<\/li>\n<li><strong>Filter : <\/strong> JA<\/li>\n<\/ul>","protected":false},"excerpt":{"rendered":"<p>Type : Pet Bowls &amp; Feeders Item Type : Water Bottles Time Setting : NO LCD Display : NO Shape : Rounded Material : Copper;Plastic Voltage : 110-240V Bowl &amp; Feeder Type : Automatic Feeders &amp; Waterers Application : Small Animals Feature : Automatic, Sustainable, Non-automatic, Stocked Place of Origin : Hebei, China Brand Name [&hellip;]<\/p>","protected":false},"featured_media":956,"comment_status":"open","ping_status":"closed","template":"","meta":[],"product_cat":[39],"product_tag":[43,27],"class_list":{"0":"post-957","1":"product","2":"type-product","3":"status-publish","4":"has-post-thumbnail","6":"product_cat-pet-bows","7":"product_tag-pet-bowls-feeders","8":"product_tag-pet-products","10":"first","11":"instock","12":"shipping-taxable","13":"product-type-simple"},"_links":{"self":[{"href":"https:\/\/catlitter-manufacturer.com\/da\/wp-json\/wp\/v2\/product\/957","targetHints":{"allow":["GET"]}}],"collection":[{"href":"https:\/\/catlitter-manufacturer.com\/da\/wp-json\/wp\/v2\/product"}],"about":[{"href":"https:\/\/catlitter-manufacturer.com\/da\/wp-json\/wp\/v2\/types\/product"}],"replies":[{"embeddable":true,"href":"https:\/\/catlitter-manufacturer.com\/da\/wp-json\/wp\/v2\/comments?post=957"}],"wp:featuredmedia":[{"embeddable":true,"href":"https:\/\/catlitter-manufacturer.com\/da\/wp-json\/wp\/v2\/media\/956"}],"wp:attachment":[{"href":"https:\/\/catlitter-manufacturer.com\/da\/wp-json\/wp\/v2\/media?parent=957"}],"wp:term":[{"taxonomy":"product_cat","embeddable":true,"href":"https:\/\/catlitter-manufacturer.com\/da\/wp-json\/wp\/v2\/product_cat?post=957"},{"taxonomy":"product_tag","embeddable":true,"href":"https:\/\/catlitter-manufacturer.com\/da\/wp-json\/wp\/v2\/product_tag?post=957"}],"curies":[{"name":"wp","href":"https:\/\/api.w.org\/{rel}","templated":true}]}}