{"id":967,"date":"2024-04-15T23:48:30","date_gmt":"2024-04-15T23:48:30","guid":{"rendered":"https:\/\/catlitter-manufacturer.com\/product\/wholesale-pet-tableware-hang-dog-cage-bowl-cat-bowl-feeding-bowl\/"},"modified":"2024-04-23T10:05:01","modified_gmt":"2024-04-23T10:05:01","slug":"wholesale-pet-tableware-hang-dog-cage-bowl-cat-bowl-feeding-bowl","status":"publish","type":"product","link":"https:\/\/catlitter-manufacturer.com\/da\/produkt\/engros-kaeledyrsservice-haenge-hund-bur-skal-kat-skal-fodring-skal\/","title":{"rendered":"Engros bordservice til k\u00e6ledyr Hang Dog Cage Bowl Cat Bowl Fodersk\u00e5l"},"content":{"rendered":"<ul>\n<li><strong>Type : <\/strong> Sk\u00e5le og foderautomater til k\u00e6ledyr<\/li>\n<li><strong>Varetype : <\/strong> Vandflasker<\/li>\n<li><strong>Tidsindstilling : <\/strong> NEJ<\/li>\n<li><strong>LCD-sk\u00e6rm : <\/strong> NEJ<\/li>\n<li><strong>Form : <\/strong> Afrundet<\/li>\n<li><strong>Materiale : <\/strong> Plastik<\/li>\n<li><strong>Sk\u00e5l- og fodertype : <\/strong> Automatiske foderautomater og vandingsmaskiner<\/li>\n<li><strong>Anvendelse : <\/strong> Sm\u00e5 dyr<\/li>\n<li><strong>Funktion : <\/strong> Ikke-automatisk, p\u00e5 lager<\/li>\n<li><strong>Oprindelsessted : <\/strong> Hebei, Kina<\/li>\n<li><strong>Brand Name : <\/strong> OEM\/ODM<\/li>\n<li><strong>Milj\u00f8venlig : <\/strong> JA<\/li>\n<li><strong>Sikkerhed : <\/strong> Ja<\/li>\n<li><strong>Farve : <\/strong> Bl\u00e5<\/li>\n<\/ul>","protected":false},"excerpt":{"rendered":"<p>Type : Sk\u00e5le og foderautomater til k\u00e6ledyr Varetype : Vandflasker Tidsindstilling: NEJ LCD-sk\u00e6rm: NEJ Form: Afrundet Materiale: Plastsk\u00e5l og foderautomat Type : Automatiske foderautomater og vandingsanl\u00e6g Anvendelse: Sm\u00e5 dyr Funktion: Ikke-automatisk, p\u00e5 lager Oprindelsessted: Hebei, Kina M\u00e6rkenavn: OEM \/ ODM Milj\u00f8venlig: JA [...]<\/p>","protected":false},"featured_media":966,"comment_status":"open","ping_status":"closed","template":"","meta":[],"product_cat":[39],"product_tag":[43,27],"class_list":{"0":"post-967","1":"product","2":"type-product","3":"status-publish","4":"has-post-thumbnail","6":"product_cat-pet-bows","7":"product_tag-pet-bowls-feeders","8":"product_tag-pet-products","10":"first","11":"instock","12":"shipping-taxable","13":"product-type-simple"},"_links":{"self":[{"href":"https:\/\/catlitter-manufacturer.com\/da\/wp-json\/wp\/v2\/product\/967","targetHints":{"allow":["GET"]}}],"collection":[{"href":"https:\/\/catlitter-manufacturer.com\/da\/wp-json\/wp\/v2\/product"}],"about":[{"href":"https:\/\/catlitter-manufacturer.com\/da\/wp-json\/wp\/v2\/types\/product"}],"replies":[{"embeddable":true,"href":"https:\/\/catlitter-manufacturer.com\/da\/wp-json\/wp\/v2\/comments?post=967"}],"wp:featuredmedia":[{"embeddable":true,"href":"https:\/\/catlitter-manufacturer.com\/da\/wp-json\/wp\/v2\/media\/966"}],"wp:attachment":[{"href":"https:\/\/catlitter-manufacturer.com\/da\/wp-json\/wp\/v2\/media?parent=967"}],"wp:term":[{"taxonomy":"product_cat","embeddable":true,"href":"https:\/\/catlitter-manufacturer.com\/da\/wp-json\/wp\/v2\/product_cat?post=967"},{"taxonomy":"product_tag","embeddable":true,"href":"https:\/\/catlitter-manufacturer.com\/da\/wp-json\/wp\/v2\/product_tag?post=967"}],"curies":[{"name":"wp","href":"https:\/\/api.w.org\/{rel}","templated":true}]}}