{"id":979,"date":"2024-04-15T23:48:57","date_gmt":"2024-04-15T23:48:57","guid":{"rendered":"https:\/\/catlitter-manufacturer.com\/product\/wholesale-and-stock-of-dog-supplies-color-steel-baking-paint-dog-bowl-cat-bowl-cat-pet-food-basin-pet-single-bowl\/"},"modified":"2024-04-23T10:04:56","modified_gmt":"2024-04-23T10:04:56","slug":"wholesale-and-stock-of-dog-supplies-color-steel-baking-paint-dog-bowl-cat-bowl-cat-pet-food-basin-pet-single-bowl","status":"publish","type":"product","link":"https:\/\/catlitter-manufacturer.com\/da\/produkt\/wholesale-and-stock-of-dog-supplies-color-steel-baking-paint-dog-bowl-cat-bowl-cat-pet-food-basin-pet-single-bowl\/","title":{"rendered":"Engros og lager af hundeartikler farve st\u00e5l bagning maling hund sk\u00e5l kat sk\u00e5l kat k\u00e6ledyr mad bassin k\u00e6ledyr enkelt sk\u00e5l"},"content":{"rendered":"<ul>\n<li><strong>Type : <\/strong> Sk\u00e5le og foderautomater til k\u00e6ledyr<\/li>\n<li><strong>Varetype : <\/strong> Vandflasker<\/li>\n<li><strong>Tidsindstilling : <\/strong> NEJ<\/li>\n<li><strong>LCD-sk\u00e6rm : <\/strong> NEJ<\/li>\n<li><strong>Form : <\/strong> Afrundet<\/li>\n<li><strong>Materiale : <\/strong> Plastik<\/li>\n<li><strong>Sk\u00e5l- og fodertype : <\/strong> Automatiske foderautomater og vandingsmaskiner<\/li>\n<li><strong>Anvendelse : <\/strong> Sm\u00e5 dyr<\/li>\n<li><strong>Funktion : <\/strong> Ikke-automatisk, p\u00e5 lager<\/li>\n<li><strong>Oprindelsessted : <\/strong> Hebei, Kina<\/li>\n<li><strong>Brand Name : <\/strong> OEM\/ODM<\/li>\n<li><strong>Circulating water : <\/strong> JA<\/li>\n<li><strong>Mute setting : <\/strong> JA<\/li>\n<li><strong>Separation of water and electricity : <\/strong> JA<\/li>\n<li><strong>Filter : <\/strong> JA<\/li>\n<\/ul>","protected":false},"excerpt":{"rendered":"<p>Type : Pet Bowls &amp; Feeders Item Type : Water Bottles Time Setting : NO LCD Display : NO Shape : Rounded Material : Plastic Bowl &amp; Feeder Type : Automatic Feeders &amp; Waterers Application : Small Animals Feature : Non-automatic, Stocked Place of Origin : Hebei, China Brand Name : OEM\/ODM Circulating water : [&hellip;]<\/p>","protected":false},"featured_media":978,"comment_status":"open","ping_status":"closed","template":"","meta":[],"product_cat":[39],"product_tag":[43,27],"class_list":{"0":"post-979","1":"product","2":"type-product","3":"status-publish","4":"has-post-thumbnail","6":"product_cat-pet-bows","7":"product_tag-pet-bowls-feeders","8":"product_tag-pet-products","10":"first","11":"instock","12":"shipping-taxable","13":"product-type-simple"},"_links":{"self":[{"href":"https:\/\/catlitter-manufacturer.com\/da\/wp-json\/wp\/v2\/product\/979","targetHints":{"allow":["GET"]}}],"collection":[{"href":"https:\/\/catlitter-manufacturer.com\/da\/wp-json\/wp\/v2\/product"}],"about":[{"href":"https:\/\/catlitter-manufacturer.com\/da\/wp-json\/wp\/v2\/types\/product"}],"replies":[{"embeddable":true,"href":"https:\/\/catlitter-manufacturer.com\/da\/wp-json\/wp\/v2\/comments?post=979"}],"wp:featuredmedia":[{"embeddable":true,"href":"https:\/\/catlitter-manufacturer.com\/da\/wp-json\/wp\/v2\/media\/978"}],"wp:attachment":[{"href":"https:\/\/catlitter-manufacturer.com\/da\/wp-json\/wp\/v2\/media?parent=979"}],"wp:term":[{"taxonomy":"product_cat","embeddable":true,"href":"https:\/\/catlitter-manufacturer.com\/da\/wp-json\/wp\/v2\/product_cat?post=979"},{"taxonomy":"product_tag","embeddable":true,"href":"https:\/\/catlitter-manufacturer.com\/da\/wp-json\/wp\/v2\/product_tag?post=979"}],"curies":[{"name":"wp","href":"https:\/\/api.w.org\/{rel}","templated":true}]}}