{"id":1126,"date":"2024-04-15T23:56:36","date_gmt":"2024-04-15T23:56:36","guid":{"rendered":"https:\/\/catlitter-manufacturer.com\/product\/350ml-pet-feeding-cups-oem-food-grade-dispenser-clear-automatic-pet-dog-water-dispenser-2\/"},"modified":"2024-04-23T10:02:27","modified_gmt":"2024-04-23T10:02:27","slug":"350ml-pet-feeding-cups-oem-food-grade-dispenser-clear-automatic-pet-dog-water-dispenser-2","status":"publish","type":"product","link":"https:\/\/catlitter-manufacturer.com\/de\/produkt\/350ml-pet-feeding-cups-oem-food-grade-dispenser-clear-automatic-pet-dog-water-dispenser-2\/","title":{"rendered":"350 ml Haustier-Futterbecher, OEM-Spender in Lebensmittelqualit\u00e4t, transparenter automatischer Wasserspender f\u00fcr Hunde"},"content":{"rendered":"<ul>\n<li><strong>Typ : <\/strong> Futtern\u00e4pfe und Futtertr\u00f6ge f\u00fcr Haustiere<\/li>\n<li><strong>Gegenstandsart : <\/strong> Wasserflaschen<\/li>\n<li><strong>Zeiteinstellung : <\/strong> NEIN<\/li>\n<li><strong>LCD Bildschirm : <\/strong> NEIN<\/li>\n<li><strong>Form : <\/strong> Gerundet<\/li>\n<li><strong>Material : <\/strong> Copper;Plastic<\/li>\n<li><strong>Sch\u00fcssel- und Futterspendertyp: <\/strong> Futterautomaten &amp; Tr\u00e4nkeautomaten<\/li>\n<li><strong>Anwendung : <\/strong> Kleine Tiere<\/li>\n<li><strong>Besonderheit : <\/strong> Nicht-automatisch, auf Vorrat<\/li>\n<li><strong>Herkunftsort : <\/strong> Hebei, China<\/li>\n<li><strong>Markenname : <\/strong> OEM\/ODM<\/li>\n<li><strong>Umweltvertr\u00e4glich : <\/strong> YES<\/li>\n<li><strong>Sicherheit : <\/strong> Ja<\/li>\n<li><strong>Farbe : <\/strong> Blau<\/li>\n<\/ul>","protected":false},"excerpt":{"rendered":"<p>Type : Pet Bowls &amp; Feeders Item Type : Water Bottles Time Setting : NO LCD Display : NO Shape : Rounded Material : Copper;Plastic Bowl &amp; Feeder Type : Automatic Feeders &amp; Waterers Application : Small Animals Feature : Non-automatic, Stocked Place of Origin : Hebei, China Brand Name : OEM\/ODM Eco-Friendly : YES [&hellip;]<\/p>","protected":false},"featured_media":1125,"comment_status":"open","ping_status":"closed","template":"","meta":[],"product_cat":[41],"product_tag":[43,27],"class_list":{"0":"post-1126","1":"product","2":"type-product","3":"status-publish","4":"has-post-thumbnail","6":"product_cat-other-accessories","7":"product_tag-pet-bowls-feeders","8":"product_tag-pet-products","10":"first","11":"instock","12":"shipping-taxable","13":"product-type-simple"},"_links":{"self":[{"href":"https:\/\/catlitter-manufacturer.com\/de\/wp-json\/wp\/v2\/product\/1126","targetHints":{"allow":["GET"]}}],"collection":[{"href":"https:\/\/catlitter-manufacturer.com\/de\/wp-json\/wp\/v2\/product"}],"about":[{"href":"https:\/\/catlitter-manufacturer.com\/de\/wp-json\/wp\/v2\/types\/product"}],"replies":[{"embeddable":true,"href":"https:\/\/catlitter-manufacturer.com\/de\/wp-json\/wp\/v2\/comments?post=1126"}],"wp:featuredmedia":[{"embeddable":true,"href":"https:\/\/catlitter-manufacturer.com\/de\/wp-json\/wp\/v2\/media\/1125"}],"wp:attachment":[{"href":"https:\/\/catlitter-manufacturer.com\/de\/wp-json\/wp\/v2\/media?parent=1126"}],"wp:term":[{"taxonomy":"product_cat","embeddable":true,"href":"https:\/\/catlitter-manufacturer.com\/de\/wp-json\/wp\/v2\/product_cat?post=1126"},{"taxonomy":"product_tag","embeddable":true,"href":"https:\/\/catlitter-manufacturer.com\/de\/wp-json\/wp\/v2\/product_tag?post=1126"}],"curies":[{"name":"wp","href":"https:\/\/api.w.org\/{rel}","templated":true}]}}