{"id":1153,"date":"2024-04-15T23:57:50","date_gmt":"2024-04-15T23:57:50","guid":{"rendered":"https:\/\/catlitter-manufacturer.com\/product\/new-automatic-telescopic-pet-cat-and-dog-traction-rope-pet-leashes\/"},"modified":"2024-04-23T10:02:03","modified_gmt":"2024-04-23T10:02:03","slug":"new-automatic-telescopic-pet-cat-and-dog-traction-rope-pet-leashes","status":"publish","type":"product","link":"https:\/\/catlitter-manufacturer.com\/de\/produkt\/neue-automatische-teleskop-haustierleinen-fur-katzen-und-hunde-mit-seilzug\/","title":{"rendered":"Neue automatische Teleskop-Traktionsleine f\u00fcr Katzen und Hunde"},"content":{"rendered":"<ul>\n<li><strong>Besonderheit : <\/strong> Nachhaltig<\/li>\n<li><strong>Material : <\/strong> Plastic, Nylon<\/li>\n<li><strong>Muster : <\/strong> Solid<\/li>\n<li><strong>Decoration : <\/strong> Solid color<\/li>\n<li><strong>Produktname : <\/strong> Pet Leash<\/li>\n<li><strong>Farbe : <\/strong> Pink, red, yellow, green, blue<\/li>\n<li><strong>Gr\u00f6\u00dfe : <\/strong> 3M 5M<\/li>\n<li><strong>OEM &amp; ODM: <\/strong> Aceeptable<\/li>\n<li><strong>MOQ : <\/strong> 144<\/li>\n<\/ul>","protected":false},"excerpt":{"rendered":"<p>Merkmal : Nachhaltig Material : Kunststoff, Nylon Muster : Fest Dekoration : Einfarbig Produktname : Haustier Leine Farbe : Rosa, rot, gelb, gr\u00fcn, blau Gr\u00f6\u00dfe : 3M 5M OEM &amp; ODM : Aceeptable MOQ : 144<\/p>","protected":false},"featured_media":1152,"comment_status":"open","ping_status":"closed","template":"","meta":[],"product_cat":[41],"product_tag":[52,53,27],"class_list":{"0":"post-1153","1":"product","2":"type-product","3":"status-publish","4":"has-post-thumbnail","6":"product_cat-other-accessories","7":"product_tag-pet-collars-leashes","8":"product_tag-pet-leashes","9":"product_tag-pet-products","11":"first","12":"instock","13":"shipping-taxable","14":"product-type-simple"},"_links":{"self":[{"href":"https:\/\/catlitter-manufacturer.com\/de\/wp-json\/wp\/v2\/product\/1153","targetHints":{"allow":["GET"]}}],"collection":[{"href":"https:\/\/catlitter-manufacturer.com\/de\/wp-json\/wp\/v2\/product"}],"about":[{"href":"https:\/\/catlitter-manufacturer.com\/de\/wp-json\/wp\/v2\/types\/product"}],"replies":[{"embeddable":true,"href":"https:\/\/catlitter-manufacturer.com\/de\/wp-json\/wp\/v2\/comments?post=1153"}],"wp:featuredmedia":[{"embeddable":true,"href":"https:\/\/catlitter-manufacturer.com\/de\/wp-json\/wp\/v2\/media\/1152"}],"wp:attachment":[{"href":"https:\/\/catlitter-manufacturer.com\/de\/wp-json\/wp\/v2\/media?parent=1153"}],"wp:term":[{"taxonomy":"product_cat","embeddable":true,"href":"https:\/\/catlitter-manufacturer.com\/de\/wp-json\/wp\/v2\/product_cat?post=1153"},{"taxonomy":"product_tag","embeddable":true,"href":"https:\/\/catlitter-manufacturer.com\/de\/wp-json\/wp\/v2\/product_tag?post=1153"}],"curies":[{"name":"wp","href":"https:\/\/api.w.org\/{rel}","templated":true}]}}