{"id":1168,"date":"2024-04-15T23:58:16","date_gmt":"2024-04-15T23:58:16","guid":{"rendered":"https:\/\/catlitter-manufacturer.com\/product\/best-seller-on-handy-pet-travel-bag-pet-carrier-transparent-foldable-plastic-pet-carrier-backpack-bird-cage-bag\/"},"modified":"2024-04-23T09:56:01","modified_gmt":"2024-04-23T09:56:01","slug":"best-seller-on-handy-pet-travel-bag-pet-carrier-transparent-foldable-plastic-pet-carrier-backpack-bird-cage-bag","status":"publish","type":"product","link":"https:\/\/catlitter-manufacturer.com\/de\/produkt\/best-seller-on-handy-pet-travel-bag-pet-carrier-transparent-foldable-plastic-pet-carrier-backpack-bird-cage-bag\/","title":{"rendered":"Bestseller f\u00fcr praktische Haustier-Reisetasche, transparenter, faltbarer Kunststoff-Haustiertr\u00e4ger-Rucksack, Vogelk\u00e4fig-Tasche"},"content":{"rendered":"<ul>\n<li><strong>Herkunftsort : <\/strong> Hebei, China<\/li>\n<li><strong>Markenname : <\/strong> HonghaiPet<\/li>\n<li><strong>Modell-Nr : <\/strong> MBSJ-1027<\/li>\n<li><strong>Besonderheit : <\/strong> Nachhaltig<\/li>\n<li><strong>Anwendung : <\/strong> V\u00f6gel<\/li>\n<li><strong>Gegenstandsart : <\/strong> Rucks\u00e4cke<\/li>\n<li><strong>Verschlusstyp: <\/strong> Rei\u00dfverschluss<\/li>\n<li><strong>Form : <\/strong> Halbkreis<\/li>\n<li><strong>Material : <\/strong> Polyester<\/li>\n<li><strong>Muster : <\/strong> Blumen<\/li>\n<li><strong>Stil : <\/strong> Mode<\/li>\n<\/ul>","protected":false},"excerpt":{"rendered":"<p>Herkunftsort: Hebei, China Markenname: HonghaiPet Modellnummer: MBSJ-1027 Merkmal: Nachhaltig Anwendung: V\u00f6gel Artikeltyp: Rucks\u00e4cke Verschlusstyp: Rei\u00dfverschluss Form: Halbkreis Material: Polyester Muster: Blumen Stil: Mode<\/p>","protected":false},"featured_media":1167,"comment_status":"open","ping_status":"closed","template":"","meta":[],"product_cat":[41],"product_tag":[44,27],"class_list":{"0":"post-1168","1":"product","2":"type-product","3":"status-publish","4":"has-post-thumbnail","6":"product_cat-other-accessories","7":"product_tag-pet-carriers-travel-products","8":"product_tag-pet-products","10":"first","11":"instock","12":"shipping-taxable","13":"product-type-simple"},"_links":{"self":[{"href":"https:\/\/catlitter-manufacturer.com\/de\/wp-json\/wp\/v2\/product\/1168","targetHints":{"allow":["GET"]}}],"collection":[{"href":"https:\/\/catlitter-manufacturer.com\/de\/wp-json\/wp\/v2\/product"}],"about":[{"href":"https:\/\/catlitter-manufacturer.com\/de\/wp-json\/wp\/v2\/types\/product"}],"replies":[{"embeddable":true,"href":"https:\/\/catlitter-manufacturer.com\/de\/wp-json\/wp\/v2\/comments?post=1168"}],"wp:featuredmedia":[{"embeddable":true,"href":"https:\/\/catlitter-manufacturer.com\/de\/wp-json\/wp\/v2\/media\/1167"}],"wp:attachment":[{"href":"https:\/\/catlitter-manufacturer.com\/de\/wp-json\/wp\/v2\/media?parent=1168"}],"wp:term":[{"taxonomy":"product_cat","embeddable":true,"href":"https:\/\/catlitter-manufacturer.com\/de\/wp-json\/wp\/v2\/product_cat?post=1168"},{"taxonomy":"product_tag","embeddable":true,"href":"https:\/\/catlitter-manufacturer.com\/de\/wp-json\/wp\/v2\/product_tag?post=1168"}],"curies":[{"name":"wp","href":"https:\/\/api.w.org\/{rel}","templated":true}]}}