{"id":255,"date":"2024-04-15T06:41:01","date_gmt":"2024-04-15T06:41:01","guid":{"rendered":"https:\/\/catlitter-manufacturer.com\/product\/worlds-best-cat-litter-flushable-kitty-deodorization-easy-scoop-clumping-tofu-cassava-cat-litter\/"},"modified":"2024-04-23T10:18:22","modified_gmt":"2024-04-23T10:18:22","slug":"worlds-best-cat-litter-flushable-kitty-deodorization-easy-scoop-clumping-tofu-cassava-cat-litter","status":"publish","type":"product","link":"https:\/\/catlitter-manufacturer.com\/de\/produkt\/weltbeste-katzenstreu-spulbar-katzchen-desodorierung-einfache-schaufel-klumpende-tofu-maniok-katzenstreu\/","title":{"rendered":"Die beste Katzenstreu der Welt, aussp\u00fclbare Desodorierung f\u00fcr Katzen, leicht zu sch\u00f6pfendes, klumpendes Tofu-Manioka-Katzenstreu"},"content":{"rendered":"<ul>\n<li><strong>Herkunftsort : <\/strong> Hebei, China<\/li>\n<li><strong>Anwendung : <\/strong> Katzen<\/li>\n<li><strong>Farbe : <\/strong> Blau, Wei\u00df, Gelb, Grau, Rosa, Braun, Gr\u00fcn, Lila, Gr\u00fcn Rosa Lila Blau Wei\u00df Schwarz Kaffee<\/li>\n<li><strong>Gegenstandsart : <\/strong> Katzenstreu<\/li>\n<li><strong>Gr\u00f6\u00dfe : <\/strong> 1,5 mm, 2,0 mm, 3,0 mm<\/li>\n<li><strong>Produktname : <\/strong> Maniok-Katzenstreu<\/li>\n<li><strong>Zertifikat : <\/strong> BSCI, ISO9001<\/li>\n<li><strong>Paket: <\/strong> 2,5 kg\/Sack<\/li>\n<li><strong>Dichte : <\/strong> 0,80 - 1,00 g\/ml<\/li>\n<li><strong>Parf\u00fcm : <\/strong> Natur,Pfirsich,Holzkohle,Baby-Pulver,Apfel,Zitrone,Lavendel,Rose,...<\/li>\n<li><strong>MOQ : <\/strong> 1 Tonne<\/li>\n<li><strong>Typ : <\/strong> Strip<\/li>\n<li><strong>Besonderheit : <\/strong> Nachhaltig<\/li>\n<\/ul>","protected":false},"excerpt":{"rendered":"<p>Place of Origin : Hebei, China Application : Cats Color : Blue, White, Yellow, Gray, Pink, Brown, Green, Purple, Green Pink Purple Blue White Black Coffee Item Type : Cat Litter size : 1.5mm, 2.0mm, 3.0mm Product name : cassava cat litter Certificate : BSCI,ISO9001 Package : 2.5kg\/bag Density : 0.80 &#8211; 1.00g\/ml Fragrance : [&hellip;]<\/p>","protected":false},"featured_media":254,"comment_status":"open","ping_status":"closed","template":"","meta":[],"product_cat":[25],"product_tag":[29,28,27],"class_list":{"0":"post-255","1":"product","2":"type-product","3":"status-publish","4":"has-post-thumbnail","6":"product_cat-striped-tofu-cat-litter","7":"product_tag-cat-litter","8":"product_tag-pet-cleaning-grooming-products","9":"product_tag-pet-products","11":"first","12":"instock","13":"shipping-taxable","14":"product-type-simple"},"_links":{"self":[{"href":"https:\/\/catlitter-manufacturer.com\/de\/wp-json\/wp\/v2\/product\/255","targetHints":{"allow":["GET"]}}],"collection":[{"href":"https:\/\/catlitter-manufacturer.com\/de\/wp-json\/wp\/v2\/product"}],"about":[{"href":"https:\/\/catlitter-manufacturer.com\/de\/wp-json\/wp\/v2\/types\/product"}],"replies":[{"embeddable":true,"href":"https:\/\/catlitter-manufacturer.com\/de\/wp-json\/wp\/v2\/comments?post=255"}],"wp:featuredmedia":[{"embeddable":true,"href":"https:\/\/catlitter-manufacturer.com\/de\/wp-json\/wp\/v2\/media\/254"}],"wp:attachment":[{"href":"https:\/\/catlitter-manufacturer.com\/de\/wp-json\/wp\/v2\/media?parent=255"}],"wp:term":[{"taxonomy":"product_cat","embeddable":true,"href":"https:\/\/catlitter-manufacturer.com\/de\/wp-json\/wp\/v2\/product_cat?post=255"},{"taxonomy":"product_tag","embeddable":true,"href":"https:\/\/catlitter-manufacturer.com\/de\/wp-json\/wp\/v2\/product_tag?post=255"}],"curies":[{"name":"wp","href":"https:\/\/api.w.org\/{rel}","templated":true}]}}