{"id":517,"date":"2024-04-15T15:40:47","date_gmt":"2024-04-15T15:40:47","guid":{"rendered":"https:\/\/catlitter-manufacturer.com\/product\/auto-cat-litter-box-self-cleaning-low-noise-safety-app-control-capacity-odor-control-smart-cat-litter-automatic-box\/"},"modified":"2024-04-23T10:12:09","modified_gmt":"2024-04-23T10:12:09","slug":"auto-cat-litter-box-self-cleaning-low-noise-safety-app-control-capacity-odor-control-smart-cat-litter-automatic-box","status":"publish","type":"product","link":"https:\/\/catlitter-manufacturer.com\/de\/produkt\/automatische-katzentoilette-selbstreinigend-gerauscharm-sicherheit-app-kontrolle-kapazitat-geruchskontrolle-intelligente-katzenstreu-automatische-box\/","title":{"rendered":"Automatische Katzentoilette, selbstreinigend, ger\u00e4uscharm, Sicherheit, App-Kontrollkapazit\u00e4t, Geruchskontrolle, intelligente Katzentoilette, automatische Box"},"content":{"rendered":"<ul>\n<li><strong>Herkunftsort : <\/strong> China<\/li>\n<li><strong>Gegenstandsart : <\/strong> Katzentoilette<\/li>\n<li><strong>Material : <\/strong> PVC<\/li>\n<li><strong>Produktname : <\/strong> Automatische Katzentoilette<\/li>\n<li><strong>Produktgr\u00f6\u00dfe : <\/strong> 38*52*50.5CM<\/li>\n<li><strong>Verpackungsmaterial: <\/strong> Karton<\/li>\n<li><strong>Verpackungsgr\u00f6\u00dfe: <\/strong> 52.5*58*54.3CM<\/li>\n<li><strong>Gewicht : <\/strong> 18kg<\/li>\n<\/ul>","protected":false},"excerpt":{"rendered":"<p>Ort der Herkunft : China Artikel Typ : Katzentoilette Material : PVC Produktname : Automatische Katzentoilette Produktgr\u00f6\u00dfe : 38*52*50.5CM Verpackungsmaterial : Karton Verpackungsgr\u00f6\u00dfe : 52.5*58*54.3CM Gewicht : 18kg<\/p>","protected":false},"featured_media":516,"comment_status":"open","ping_status":"closed","template":"","meta":[],"product_cat":[35],"product_tag":[42,28,27],"class_list":{"0":"post-517","1":"product","2":"type-product","3":"status-publish","4":"has-post-thumbnail","6":"product_cat-smart-cat-litter-box","7":"product_tag-cat-litter-box-accessories","8":"product_tag-pet-cleaning-grooming-products","9":"product_tag-pet-products","11":"first","12":"instock","13":"shipping-taxable","14":"product-type-simple"},"_links":{"self":[{"href":"https:\/\/catlitter-manufacturer.com\/de\/wp-json\/wp\/v2\/product\/517","targetHints":{"allow":["GET"]}}],"collection":[{"href":"https:\/\/catlitter-manufacturer.com\/de\/wp-json\/wp\/v2\/product"}],"about":[{"href":"https:\/\/catlitter-manufacturer.com\/de\/wp-json\/wp\/v2\/types\/product"}],"replies":[{"embeddable":true,"href":"https:\/\/catlitter-manufacturer.com\/de\/wp-json\/wp\/v2\/comments?post=517"}],"wp:featuredmedia":[{"embeddable":true,"href":"https:\/\/catlitter-manufacturer.com\/de\/wp-json\/wp\/v2\/media\/516"}],"wp:attachment":[{"href":"https:\/\/catlitter-manufacturer.com\/de\/wp-json\/wp\/v2\/media?parent=517"}],"wp:term":[{"taxonomy":"product_cat","embeddable":true,"href":"https:\/\/catlitter-manufacturer.com\/de\/wp-json\/wp\/v2\/product_cat?post=517"},{"taxonomy":"product_tag","embeddable":true,"href":"https:\/\/catlitter-manufacturer.com\/de\/wp-json\/wp\/v2\/product_tag?post=517"}],"curies":[{"name":"wp","href":"https:\/\/api.w.org\/{rel}","templated":true}]}}