{"id":666,"date":"2024-04-15T23:33:02","date_gmt":"2024-04-15T23:33:02","guid":{"rendered":"https:\/\/catlitter-manufacturer.com\/product\/pet-bowls-bow-stainless-steel-safety-high-capacity-belt-pet-double-bowl-dog-pet-feeding-bowl\/"},"modified":"2024-04-23T10:08:43","modified_gmt":"2024-04-23T10:08:43","slug":"pet-bowls-bow-stainless-steel-safety-high-capacity-belt-pet-double-bowl-dog-pet-feeding-bowl","status":"publish","type":"product","link":"https:\/\/catlitter-manufacturer.com\/de\/produkt\/pet-bowls-bow-stainless-steel-safety-high-capacity-belt-pet-double-bowl-dog-pet-feeding-bowl\/","title":{"rendered":"Futtern\u00e4pfe f\u00fcr Haustiere, Schleife, Edelstahl, Sicherheitsgurt mit hoher Kapazit\u00e4t, Doppelnapf f\u00fcr Hunde, Futternapf f\u00fcr Haustiere"},"content":{"rendered":"<ul>\n<li><strong>Typ : <\/strong> Futtern\u00e4pfe und Futtertr\u00f6ge f\u00fcr Haustiere<\/li>\n<li><strong>Gegenstandsart : <\/strong> Wasserflaschen<\/li>\n<li><strong>Zeiteinstellung : <\/strong> NEIN<\/li>\n<li><strong>LCD Bildschirm : <\/strong> NEIN<\/li>\n<li><strong>Form : <\/strong> Gerundet<\/li>\n<li><strong>Material : <\/strong> Copper;Plastic, Stainless Steel Material<\/li>\n<li><strong>Stromspannung : <\/strong> Unzutreffend<\/li>\n<li><strong>Sch\u00fcssel- und Futterspendertyp: <\/strong> Futterautomaten &amp; Tr\u00e4nkeautomaten<\/li>\n<li><strong>Anwendung : <\/strong> Kleine Tiere<\/li>\n<li><strong>Besonderheit : <\/strong> Automatic, Non-automatic, Stocked<\/li>\n<li><strong>Herkunftsort : <\/strong> Hebei, China<\/li>\n<li><strong>Markenname : <\/strong> OEM\/ODM<\/li>\n<li><strong>Produktname : <\/strong> Smart Pet Feeder<\/li>\n<li><strong>Verwendung : <\/strong> Futter f\u00fcr Haustiere<\/li>\n<li><strong>Farbe : <\/strong> Green<\/li>\n<li><strong>Passend f\u00fcr : <\/strong> Hunde Katzen Kleintiere<\/li>\n<\/ul>","protected":false},"excerpt":{"rendered":"<p>Type : Pet Bowls &amp; Feeders Item Type : Water Bottles Time Setting : NO LCD Display : NO Shape : Rounded Material : Copper;Plastic, Stainless Steel Material Voltage : Not Applicable Bowl &amp; Feeder Type : Automatic Feeders &amp; Waterers Application : Small Animals Feature : Automatic, Non-automatic, Stocked Place of Origin : Hebei, [&hellip;]<\/p>","protected":false},"featured_media":665,"comment_status":"open","ping_status":"closed","template":"","meta":[],"product_cat":[36],"product_tag":[43,27],"class_list":{"0":"post-666","1":"product","2":"type-product","3":"status-publish","4":"has-post-thumbnail","6":"product_cat-smart-feeders","7":"product_tag-pet-bowls-feeders","8":"product_tag-pet-products","10":"first","11":"instock","12":"shipping-taxable","13":"product-type-simple"},"_links":{"self":[{"href":"https:\/\/catlitter-manufacturer.com\/de\/wp-json\/wp\/v2\/product\/666","targetHints":{"allow":["GET"]}}],"collection":[{"href":"https:\/\/catlitter-manufacturer.com\/de\/wp-json\/wp\/v2\/product"}],"about":[{"href":"https:\/\/catlitter-manufacturer.com\/de\/wp-json\/wp\/v2\/types\/product"}],"replies":[{"embeddable":true,"href":"https:\/\/catlitter-manufacturer.com\/de\/wp-json\/wp\/v2\/comments?post=666"}],"wp:featuredmedia":[{"embeddable":true,"href":"https:\/\/catlitter-manufacturer.com\/de\/wp-json\/wp\/v2\/media\/665"}],"wp:attachment":[{"href":"https:\/\/catlitter-manufacturer.com\/de\/wp-json\/wp\/v2\/media?parent=666"}],"wp:term":[{"taxonomy":"product_cat","embeddable":true,"href":"https:\/\/catlitter-manufacturer.com\/de\/wp-json\/wp\/v2\/product_cat?post=666"},{"taxonomy":"product_tag","embeddable":true,"href":"https:\/\/catlitter-manufacturer.com\/de\/wp-json\/wp\/v2\/product_tag?post=666"}],"curies":[{"name":"wp","href":"https:\/\/api.w.org\/{rel}","templated":true}]}}