{"id":925,"date":"2024-04-15T23:46:50","date_gmt":"2024-04-15T23:46:50","guid":{"rendered":"https:\/\/catlitter-manufacturer.com\/product\/two-in-one-pet-bowls-feeders-have-sufficient-inventory-of-cartoon-frog-pet-double-bowls-frog-pet-bowls\/"},"modified":"2024-04-23T10:06:10","modified_gmt":"2024-04-23T10:06:10","slug":"two-in-one-pet-bowls-feeders-have-sufficient-inventory-of-cartoon-frog-pet-double-bowls-frog-pet-bowls","status":"publish","type":"product","link":"https:\/\/catlitter-manufacturer.com\/de\/produkt\/two-in-one-pet-bowls-feeders-have-sufficient-inventory-of-cartoon-frog-pet-double-bowls-frog-pet-bowls\/","title":{"rendered":"Zwei-in-Eins-Futtern\u00e4pfe f\u00fcr Haustiere verf\u00fcgen \u00fcber einen ausreichenden Bestand an Cartoon-Frosch-Haustier-Doppeln\u00e4pfen, Frosch-Haustiern\u00e4pfen"},"content":{"rendered":"<ul>\n<li><strong>Typ : <\/strong> Futtern\u00e4pfe und Futtertr\u00f6ge f\u00fcr Haustiere<\/li>\n<li><strong>Gegenstandsart : <\/strong> Wasserflaschen<\/li>\n<li><strong>Zeiteinstellung : <\/strong> NEIN<\/li>\n<li><strong>LCD Bildschirm : <\/strong> NEIN<\/li>\n<li><strong>Form : <\/strong> Gerundet<\/li>\n<li><strong>Material : <\/strong> Copper;Plastic, Stainless Steel Material<\/li>\n<li><strong>Stromspannung : <\/strong> Unzutreffend<\/li>\n<li><strong>Sch\u00fcssel- und Futterspendertyp: <\/strong> Sch\u00fcsseln, Tassen und Eimer<\/li>\n<li><strong>Anwendung : <\/strong> Kleine Tiere<\/li>\n<li><strong>Besonderheit : <\/strong> Automatisch, nicht automatisch, auf Lager, auf Lager<\/li>\n<li><strong>Herkunftsort : <\/strong> Hebei, China<\/li>\n<li><strong>Markenname : <\/strong> OEM\/ODM<\/li>\n<li><strong>Produktname : <\/strong> Hundefutternapf<\/li>\n<li><strong>Verwendung : <\/strong> Futter f\u00fcr Haustiere<\/li>\n<li><strong>Passend f\u00fcr : <\/strong> Hunde Katzen Kleintiere<\/li>\n<\/ul>","protected":false},"excerpt":{"rendered":"<p>Type : Pet Bowls &amp; Feeders Item Type : Water Bottles Time Setting : NO LCD Display : NO Shape : Rounded Material : Copper;Plastic, Stainless Steel Material Voltage : Not Applicable Bowl &amp; Feeder Type : Bowls, Cups &amp; Pails Application : Small Animals Feature : Automatic, Non-automatic, Stocked, Stocked Place of Origin : [&hellip;]<\/p>","protected":false},"featured_media":924,"comment_status":"open","ping_status":"closed","template":"","meta":[],"product_cat":[39],"product_tag":[43,27],"class_list":{"0":"post-925","1":"product","2":"type-product","3":"status-publish","4":"has-post-thumbnail","6":"product_cat-pet-bows","7":"product_tag-pet-bowls-feeders","8":"product_tag-pet-products","10":"first","11":"instock","12":"shipping-taxable","13":"product-type-simple"},"_links":{"self":[{"href":"https:\/\/catlitter-manufacturer.com\/de\/wp-json\/wp\/v2\/product\/925","targetHints":{"allow":["GET"]}}],"collection":[{"href":"https:\/\/catlitter-manufacturer.com\/de\/wp-json\/wp\/v2\/product"}],"about":[{"href":"https:\/\/catlitter-manufacturer.com\/de\/wp-json\/wp\/v2\/types\/product"}],"replies":[{"embeddable":true,"href":"https:\/\/catlitter-manufacturer.com\/de\/wp-json\/wp\/v2\/comments?post=925"}],"wp:featuredmedia":[{"embeddable":true,"href":"https:\/\/catlitter-manufacturer.com\/de\/wp-json\/wp\/v2\/media\/924"}],"wp:attachment":[{"href":"https:\/\/catlitter-manufacturer.com\/de\/wp-json\/wp\/v2\/media?parent=925"}],"wp:term":[{"taxonomy":"product_cat","embeddable":true,"href":"https:\/\/catlitter-manufacturer.com\/de\/wp-json\/wp\/v2\/product_cat?post=925"},{"taxonomy":"product_tag","embeddable":true,"href":"https:\/\/catlitter-manufacturer.com\/de\/wp-json\/wp\/v2\/product_tag?post=925"}],"curies":[{"name":"wp","href":"https:\/\/api.w.org\/{rel}","templated":true}]}}