{"id":957,"date":"2024-04-15T23:48:05","date_gmt":"2024-04-15T23:48:05","guid":{"rendered":"https:\/\/catlitter-manufacturer.com\/product\/wholesale-four-legged-cat-ear-transparent-belt-new-stock-stainless-steel-pet-single-bowl-cat-feeding-bowl\/"},"modified":"2024-04-23T10:05:10","modified_gmt":"2024-04-23T10:05:10","slug":"wholesale-four-legged-cat-ear-transparent-belt-new-stock-stainless-steel-pet-single-bowl-cat-feeding-bowl","status":"publish","type":"product","link":"https:\/\/catlitter-manufacturer.com\/de\/produkt\/wholesale-four-legged-cat-ear-transparent-belt-new-stock-stainless-steel-pet-single-bowl-cat-feeding-bowl\/","title":{"rendered":"Gro\u00dfhandel mit vierbeinigen Katzenohren, transparenter G\u00fcrtel, neuer Bestand, Edelstahl, Einzelnapf f\u00fcr Katzen, Futternapf f\u00fcr Katzen"},"content":{"rendered":"<ul>\n<li><strong>Typ : <\/strong> Futtern\u00e4pfe und Futtertr\u00f6ge f\u00fcr Haustiere<\/li>\n<li><strong>Gegenstandsart : <\/strong> Wasserflaschen<\/li>\n<li><strong>Zeiteinstellung : <\/strong> NEIN<\/li>\n<li><strong>LCD Bildschirm : <\/strong> NEIN<\/li>\n<li><strong>Form : <\/strong> Gerundet<\/li>\n<li><strong>Material : <\/strong> Copper;Plastic<\/li>\n<li><strong>Stromspannung : <\/strong> 110-240V<\/li>\n<li><strong>Sch\u00fcssel- und Futterspendertyp: <\/strong> Futterautomaten &amp; Tr\u00e4nkeautomaten<\/li>\n<li><strong>Anwendung : <\/strong> Kleine Tiere<\/li>\n<li><strong>Besonderheit : <\/strong> Automatic, Sustainable, Non-automatic, Stocked<\/li>\n<li><strong>Herkunftsort : <\/strong> Hebei, China<\/li>\n<li><strong>Markenname : <\/strong> OEM\/ODM<\/li>\n<li><strong>Circulating water : <\/strong> YES<\/li>\n<li><strong>Mute setting : <\/strong> YES<\/li>\n<li><strong>Separation of water and electricity : <\/strong> YES<\/li>\n<li><strong>Filter : <\/strong> YES<\/li>\n<\/ul>","protected":false},"excerpt":{"rendered":"<p>Type : Pet Bowls &amp; Feeders Item Type : Water Bottles Time Setting : NO LCD Display : NO Shape : Rounded Material : Copper;Plastic Voltage : 110-240V Bowl &amp; Feeder Type : Automatic Feeders &amp; Waterers Application : Small Animals Feature : Automatic, Sustainable, Non-automatic, Stocked Place of Origin : Hebei, China Brand Name [&hellip;]<\/p>","protected":false},"featured_media":956,"comment_status":"open","ping_status":"closed","template":"","meta":[],"product_cat":[39],"product_tag":[43,27],"class_list":{"0":"post-957","1":"product","2":"type-product","3":"status-publish","4":"has-post-thumbnail","6":"product_cat-pet-bows","7":"product_tag-pet-bowls-feeders","8":"product_tag-pet-products","10":"first","11":"instock","12":"shipping-taxable","13":"product-type-simple"},"_links":{"self":[{"href":"https:\/\/catlitter-manufacturer.com\/de\/wp-json\/wp\/v2\/product\/957","targetHints":{"allow":["GET"]}}],"collection":[{"href":"https:\/\/catlitter-manufacturer.com\/de\/wp-json\/wp\/v2\/product"}],"about":[{"href":"https:\/\/catlitter-manufacturer.com\/de\/wp-json\/wp\/v2\/types\/product"}],"replies":[{"embeddable":true,"href":"https:\/\/catlitter-manufacturer.com\/de\/wp-json\/wp\/v2\/comments?post=957"}],"wp:featuredmedia":[{"embeddable":true,"href":"https:\/\/catlitter-manufacturer.com\/de\/wp-json\/wp\/v2\/media\/956"}],"wp:attachment":[{"href":"https:\/\/catlitter-manufacturer.com\/de\/wp-json\/wp\/v2\/media?parent=957"}],"wp:term":[{"taxonomy":"product_cat","embeddable":true,"href":"https:\/\/catlitter-manufacturer.com\/de\/wp-json\/wp\/v2\/product_cat?post=957"},{"taxonomy":"product_tag","embeddable":true,"href":"https:\/\/catlitter-manufacturer.com\/de\/wp-json\/wp\/v2\/product_tag?post=957"}],"curies":[{"name":"wp","href":"https:\/\/api.w.org\/{rel}","templated":true}]}}