{"id":1118,"date":"2024-04-15T23:56:12","date_gmt":"2024-04-15T23:56:12","guid":{"rendered":"https:\/\/catlitter-manufacturer.com\/product\/new-cat-litter-partner-can-mix-all-kinds-of-cat-litter-sober-air-deodorization-beads\/"},"modified":"2024-04-23T10:02:33","modified_gmt":"2024-04-23T10:02:33","slug":"new-cat-litter-partner-can-mix-all-kinds-of-cat-litter-sober-air-deodorization-beads","status":"publish","type":"product","link":"https:\/\/catlitter-manufacturer.com\/es\/producto\/nueva-arena-para-gatos-socio-puede-mezclar-todo-tipo-de-arena-para-gatos-sobria-desodorizacion-del-aire-cuentas\/","title":{"rendered":"El nuevo compa\u00f1ero de arena para gatos puede mezclar todo tipo de granos de desodorizaci\u00f3n del aire sobrio de la arena para gatos"},"content":{"rendered":"<ul>\n<li><strong>Lugar de origen : <\/strong> Hebei, China<\/li>\n<li><strong>Aplicaci\u00f3n : <\/strong> Gatos<\/li>\n<li><strong>Tipo de art\u00edculo : <\/strong> Perlas desodorizantes para arena para gatos<\/li>\n<li><strong>Nombre del producto : <\/strong> perlas desodorantes<\/li>\n<li><strong>Color : <\/strong> Azul rosa gris verde<\/li>\n<li><strong>Tama\u00f1o : <\/strong> 450g<\/li>\n<li><strong>OEM\/ODM : <\/strong> Disponible en<\/li>\n<li><strong>Embalaje : <\/strong> Caja de cart\u00f3n 450 g*24 tazas<\/li>\n<li><strong>Caducidad : <\/strong> 36 meses<\/li>\n<li><strong>Caracter\u00edstica : <\/strong> Sostenible<\/li>\n<\/ul>","protected":false},"excerpt":{"rendered":"<p>Lugar de origen : Hebei, China Aplicaci\u00f3n : Gatos Tipo de art\u00edculo : Perlas de desodorizaci\u00f3n de arena para gatos Nombre del producto : perlas desodorantes Color : Azul rosa gris verde Tama\u00f1o : 450g OEM\/ODM : Availbale Embalaje : Caja de cart\u00f3n 450g*24cups Vida \u00fatil : 36 meses Caracter\u00edstica : Sostenible<\/p>","protected":false},"featured_media":1117,"comment_status":"open","ping_status":"closed","template":"","meta":[],"product_cat":[41],"product_tag":[29,28,27],"class_list":{"0":"post-1118","1":"product","2":"type-product","3":"status-publish","4":"has-post-thumbnail","6":"product_cat-other-accessories","7":"product_tag-cat-litter","8":"product_tag-pet-cleaning-grooming-products","9":"product_tag-pet-products","11":"first","12":"instock","13":"shipping-taxable","14":"product-type-simple"},"_links":{"self":[{"href":"https:\/\/catlitter-manufacturer.com\/es\/wp-json\/wp\/v2\/product\/1118","targetHints":{"allow":["GET"]}}],"collection":[{"href":"https:\/\/catlitter-manufacturer.com\/es\/wp-json\/wp\/v2\/product"}],"about":[{"href":"https:\/\/catlitter-manufacturer.com\/es\/wp-json\/wp\/v2\/types\/product"}],"replies":[{"embeddable":true,"href":"https:\/\/catlitter-manufacturer.com\/es\/wp-json\/wp\/v2\/comments?post=1118"}],"wp:featuredmedia":[{"embeddable":true,"href":"https:\/\/catlitter-manufacturer.com\/es\/wp-json\/wp\/v2\/media\/1117"}],"wp:attachment":[{"href":"https:\/\/catlitter-manufacturer.com\/es\/wp-json\/wp\/v2\/media?parent=1118"}],"wp:term":[{"taxonomy":"product_cat","embeddable":true,"href":"https:\/\/catlitter-manufacturer.com\/es\/wp-json\/wp\/v2\/product_cat?post=1118"},{"taxonomy":"product_tag","embeddable":true,"href":"https:\/\/catlitter-manufacturer.com\/es\/wp-json\/wp\/v2\/product_tag?post=1118"}],"curies":[{"name":"wp","href":"https:\/\/api.w.org\/{rel}","templated":true}]}}