{"id":1168,"date":"2024-04-15T23:58:16","date_gmt":"2024-04-15T23:58:16","guid":{"rendered":"https:\/\/catlitter-manufacturer.com\/product\/best-seller-on-handy-pet-travel-bag-pet-carrier-transparent-foldable-plastic-pet-carrier-backpack-bird-cage-bag\/"},"modified":"2024-04-23T09:56:01","modified_gmt":"2024-04-23T09:56:01","slug":"best-seller-on-handy-pet-travel-bag-pet-carrier-transparent-foldable-plastic-pet-carrier-backpack-bird-cage-bag","status":"publish","type":"product","link":"https:\/\/catlitter-manufacturer.com\/es\/producto\/best-seller-on-handy-pet-travel-bag-pet-carrier-transparent-foldable-plastic-pet-carrier-backpack-bird-cage-bag\/","title":{"rendered":"Lo m\u00e1s vendido en Bolsa de viaje para mascotas Bolso plegable de pl\u00e1stico transparente para mascotas Mochila jaula de p\u00e1jaros Bolsa"},"content":{"rendered":"<ul>\n<li><strong>Lugar de origen : <\/strong> Hebei, China<\/li>\n<li><strong>Marca : <\/strong> HonghaiPet<\/li>\n<li><strong>N\u00famero de modelo : <\/strong> MBSJ-1027<\/li>\n<li><strong>Caracter\u00edstica : <\/strong> Sostenible<\/li>\n<li><strong>Aplicaci\u00f3n : <\/strong> Birds<\/li>\n<li><strong>Tipo de art\u00edculo : <\/strong> Backpacks<\/li>\n<li><strong>Closure Type : <\/strong> zipper<\/li>\n<li><strong>Forma : <\/strong> Semi-circle<\/li>\n<li><strong>Material : <\/strong> Polyester<\/li>\n<li><strong>Pattern : <\/strong> Floral<\/li>\n<li><strong>Style : <\/strong> Fashion<\/li>\n<\/ul>","protected":false},"excerpt":{"rendered":"<p>Place of Origin : Hebei, China Brand Name : HonghaiPet Model Number : MBSJ-1027 Feature : Sustainable Application : Birds Item Type : Backpacks Closure Type : zipper Shape : Semi-circle Material : Polyester Pattern : Floral Style : Fashion<\/p>","protected":false},"featured_media":1167,"comment_status":"open","ping_status":"closed","template":"","meta":[],"product_cat":[41],"product_tag":[44,27],"class_list":{"0":"post-1168","1":"product","2":"type-product","3":"status-publish","4":"has-post-thumbnail","6":"product_cat-other-accessories","7":"product_tag-pet-carriers-travel-products","8":"product_tag-pet-products","10":"first","11":"instock","12":"shipping-taxable","13":"product-type-simple"},"_links":{"self":[{"href":"https:\/\/catlitter-manufacturer.com\/es\/wp-json\/wp\/v2\/product\/1168","targetHints":{"allow":["GET"]}}],"collection":[{"href":"https:\/\/catlitter-manufacturer.com\/es\/wp-json\/wp\/v2\/product"}],"about":[{"href":"https:\/\/catlitter-manufacturer.com\/es\/wp-json\/wp\/v2\/types\/product"}],"replies":[{"embeddable":true,"href":"https:\/\/catlitter-manufacturer.com\/es\/wp-json\/wp\/v2\/comments?post=1168"}],"wp:featuredmedia":[{"embeddable":true,"href":"https:\/\/catlitter-manufacturer.com\/es\/wp-json\/wp\/v2\/media\/1167"}],"wp:attachment":[{"href":"https:\/\/catlitter-manufacturer.com\/es\/wp-json\/wp\/v2\/media?parent=1168"}],"wp:term":[{"taxonomy":"product_cat","embeddable":true,"href":"https:\/\/catlitter-manufacturer.com\/es\/wp-json\/wp\/v2\/product_cat?post=1168"},{"taxonomy":"product_tag","embeddable":true,"href":"https:\/\/catlitter-manufacturer.com\/es\/wp-json\/wp\/v2\/product_tag?post=1168"}],"curies":[{"name":"wp","href":"https:\/\/api.w.org\/{rel}","templated":true}]}}