{"id":277,"date":"2024-04-15T06:42:33","date_gmt":"2024-04-15T06:42:33","guid":{"rendered":"https:\/\/catlitter-manufacturer.com\/product\/bsci-plant-cat-litter-factory-oem-odm-strong-clumping-clean-deodorization-bulk-zeolite-tofu-cat-sand\/"},"modified":"2024-04-23T10:18:07","modified_gmt":"2024-04-23T10:18:07","slug":"bsci-plant-cat-litter-factory-oem-odm-strong-clumping-clean-deodorization-bulk-zeolite-tofu-cat-sand","status":"publish","type":"product","link":"https:\/\/catlitter-manufacturer.com\/es\/producto\/bsci-plant-cat-litter-factory-oem-odm-strong-clumping-clean-deodorization-bulk-zeolite-tofu-cat-sand\/","title":{"rendered":"BSCI Plant Cat Litter F\u00e1brica OEM\/ODM Fuerte Aglomeraci\u00f3n Limpia Desodorizaci\u00f3n A Granel Zeolita Tofu Arena para Gatos"},"content":{"rendered":"<ul>\n<li><strong>Lugar de origen : <\/strong> Hebei, China<\/li>\n<li><strong>Aplicaci\u00f3n : <\/strong> Gatos<\/li>\n<li><strong>Color : <\/strong> Purple, Green Pink Purple Blue White Black Coffee<\/li>\n<li><strong>Tipo de art\u00edculo : <\/strong> Arena para gatos<\/li>\n<li><strong>Nombre del producto : <\/strong> arena para gatos de zeolita mezclada con tofu<\/li>\n<li><strong>Certificado : <\/strong> BSCI,ISO9001<\/li>\n<li><strong>Tama\u00f1o : <\/strong> 1,0 mm 1,5 mm 2,0 mm 3,0 mm<\/li>\n<li><strong>Paquete : <\/strong> 2,5 kg\/saco<\/li>\n<li><strong>Densidad : <\/strong> 0,80 - 1,00 g\/ml<\/li>\n<li><strong>Fragancia : <\/strong> Nature,Melocot\u00f3n,Carb\u00f3n vegetal,Polvo de beb\u00e9,Manzana,Lim\u00f3n,Lavanda,Rosa,...<\/li>\n<li><strong>MOQ : <\/strong> 1 tonelada<\/li>\n<li><strong>Tipo : <\/strong> Tira<\/li>\n<li><strong>Caracter\u00edstica : <\/strong> Sostenible<\/li>\n<\/ul>","protected":false},"excerpt":{"rendered":"<p>Place of Origin : Hebei, China Application : Cats Color : Purple, Green Pink Purple Blue White Black Coffee Item Type : Cat Litter Product name : tofu mixed zeolite cat litter Certificate : BSCI,ISO9001 Size : 1.0mm 1.5mm 2.0mm 3.0mm Package : 2.5kg\/bag Density : 0.80 &#8211; 1.00g\/ml Fragrance : Nature,Peach,Charcoal,baby Powder,Apple,Lemon,Lavender,Rose,&#8230; MOQ : [&hellip;]<\/p>","protected":false},"featured_media":276,"comment_status":"open","ping_status":"closed","template":"","meta":[],"product_cat":[25],"product_tag":[29,28,27],"class_list":{"0":"post-277","1":"product","2":"type-product","3":"status-publish","4":"has-post-thumbnail","6":"product_cat-striped-tofu-cat-litter","7":"product_tag-cat-litter","8":"product_tag-pet-cleaning-grooming-products","9":"product_tag-pet-products","11":"first","12":"instock","13":"shipping-taxable","14":"product-type-simple"},"_links":{"self":[{"href":"https:\/\/catlitter-manufacturer.com\/es\/wp-json\/wp\/v2\/product\/277","targetHints":{"allow":["GET"]}}],"collection":[{"href":"https:\/\/catlitter-manufacturer.com\/es\/wp-json\/wp\/v2\/product"}],"about":[{"href":"https:\/\/catlitter-manufacturer.com\/es\/wp-json\/wp\/v2\/types\/product"}],"replies":[{"embeddable":true,"href":"https:\/\/catlitter-manufacturer.com\/es\/wp-json\/wp\/v2\/comments?post=277"}],"wp:featuredmedia":[{"embeddable":true,"href":"https:\/\/catlitter-manufacturer.com\/es\/wp-json\/wp\/v2\/media\/276"}],"wp:attachment":[{"href":"https:\/\/catlitter-manufacturer.com\/es\/wp-json\/wp\/v2\/media?parent=277"}],"wp:term":[{"taxonomy":"product_cat","embeddable":true,"href":"https:\/\/catlitter-manufacturer.com\/es\/wp-json\/wp\/v2\/product_cat?post=277"},{"taxonomy":"product_tag","embeddable":true,"href":"https:\/\/catlitter-manufacturer.com\/es\/wp-json\/wp\/v2\/product_tag?post=277"}],"curies":[{"name":"wp","href":"https:\/\/api.w.org\/{rel}","templated":true}]}}