{"id":316,"date":"2024-04-15T06:44:30","date_gmt":"2024-04-15T06:44:30","guid":{"rendered":"https:\/\/catlitter-manufacturer.com\/product\/oemodm-factory-wholesale-clumping-clay-premium-dust-free-melt-water-6l-customization-tofu-cat-litter\/"},"modified":"2024-04-23T10:16:09","modified_gmt":"2024-04-23T10:16:09","slug":"oemodm-factory-wholesale-clumping-clay-premium-dust-free-melt-water-6l-customization-tofu-cat-litter","status":"publish","type":"product","link":"https:\/\/catlitter-manufacturer.com\/es\/producto\/oemodm-factory-wholesale-clumping-clay-premium-dust-free-melt-water-6l-customization-tofu-cat-litter\/","title":{"rendered":"OEM&amp;ODM F\u00e1brica al por mayor de arcilla aglomerante de primera calidad libre de polvo de agua de fusi\u00f3n 6L Personalizaci\u00f3n Tofu arena para gatos"},"content":{"rendered":"<ul>\n<li><strong>Lugar de origen : <\/strong> Hebei, China<\/li>\n<li><strong>Aplicaci\u00f3n : <\/strong> Gatos<\/li>\n<li><strong>Color : <\/strong> Azul, blanco, amarillo, gris, rosa, marr\u00f3n, verde, morado, verde rosa morado azul blanco negro caf\u00e9<\/li>\n<li><strong>Tipo de art\u00edculo : <\/strong> Arena para gatos<\/li>\n<li><strong>tama\u00f1o : <\/strong> 1,5 mm, 2,0 mm, 3,0 mm<\/li>\n<li><strong>Nombre del producto : <\/strong> Arena de tofu para gatos<\/li>\n<li><strong>Certificado : <\/strong> BSCI,ISO9001<\/li>\n<li><strong>Tama\u00f1o : <\/strong> 1,0 mm 1,5 mm 2,0 mm 3,0 mm<\/li>\n<li><strong>Paquete : <\/strong> 2,5 kg\/saco<\/li>\n<li><strong>Densidad : <\/strong> 0,80 - 1,00 g\/ml<\/li>\n<li><strong>Fragancia : <\/strong> Nature,Melocot\u00f3n,Carb\u00f3n vegetal,Polvo de beb\u00e9,Manzana,Lim\u00f3n,Lavanda,Rosa,...<\/li>\n<li><strong>MOQ : <\/strong> 1 tonelada<\/li>\n<li><strong>Tipo : <\/strong> Tira<\/li>\n<li><strong>Caracter\u00edstica : <\/strong> Sostenible<\/li>\n<\/ul>","protected":false},"excerpt":{"rendered":"<p>Place of Origin : Hebei, China Application : Cats Color : Blue, White, Yellow, Gray, Pink, Brown, Green, Purple, Green Pink Purple Blue White Black Coffee Item Type : Cat Litter size : 1.5mm, 2.0mm, 3.0mm Product name : Tofu cat litter Certificate : BSCI,ISO9001 Size : 1.0mm 1.5mm 2.0mm 3.0mm Package : 2.5kg\/bag Density [&hellip;]<\/p>","protected":false},"featured_media":315,"comment_status":"open","ping_status":"closed","template":"","meta":[],"product_cat":[25],"product_tag":[29,28,27],"class_list":{"0":"post-316","1":"product","2":"type-product","3":"status-publish","4":"has-post-thumbnail","6":"product_cat-striped-tofu-cat-litter","7":"product_tag-cat-litter","8":"product_tag-pet-cleaning-grooming-products","9":"product_tag-pet-products","11":"first","12":"instock","13":"shipping-taxable","14":"product-type-simple"},"_links":{"self":[{"href":"https:\/\/catlitter-manufacturer.com\/es\/wp-json\/wp\/v2\/product\/316","targetHints":{"allow":["GET"]}}],"collection":[{"href":"https:\/\/catlitter-manufacturer.com\/es\/wp-json\/wp\/v2\/product"}],"about":[{"href":"https:\/\/catlitter-manufacturer.com\/es\/wp-json\/wp\/v2\/types\/product"}],"replies":[{"embeddable":true,"href":"https:\/\/catlitter-manufacturer.com\/es\/wp-json\/wp\/v2\/comments?post=316"}],"wp:featuredmedia":[{"embeddable":true,"href":"https:\/\/catlitter-manufacturer.com\/es\/wp-json\/wp\/v2\/media\/315"}],"wp:attachment":[{"href":"https:\/\/catlitter-manufacturer.com\/es\/wp-json\/wp\/v2\/media?parent=316"}],"wp:term":[{"taxonomy":"product_cat","embeddable":true,"href":"https:\/\/catlitter-manufacturer.com\/es\/wp-json\/wp\/v2\/product_cat?post=316"},{"taxonomy":"product_tag","embeddable":true,"href":"https:\/\/catlitter-manufacturer.com\/es\/wp-json\/wp\/v2\/product_tag?post=316"}],"curies":[{"name":"wp","href":"https:\/\/api.w.org\/{rel}","templated":true}]}}