{"id":417,"date":"2024-04-15T07:02:44","date_gmt":"2024-04-15T07:02:44","guid":{"rendered":"https:\/\/catlitter-manufacturer.com\/product\/oem-crush-activated-carbon-tofu-cat-litter-bsci-factory-oem-bulk-flushable-clumping-broken-tofu-litter-sand-for-cat\/"},"modified":"2024-04-23T10:13:56","modified_gmt":"2024-04-23T10:13:56","slug":"oem-crush-activated-carbon-tofu-cat-litter-bsci-factory-oem-bulk-flushable-clumping-broken-tofu-litter-sand-for-cat","status":"publish","type":"product","link":"https:\/\/catlitter-manufacturer.com\/es\/producto\/oem-crush-activated-carbon-tofu-cat-litter-bsci-factory-oem-bulk-flushable-clumping-broken-tofu-litter-sand-for-cat\/","title":{"rendered":"OEM Aplastar Carb\u00f3n Activado Tofu Arena Para Gato BSCI Factory OEM Bulk Flushable Clumping Broken Tofu Litter Sand For Cat"},"content":{"rendered":"<ul>\n<li><strong>Lugar de origen : <\/strong> Hebei, China<\/li>\n<li><strong>Aplicaci\u00f3n : <\/strong> Gatos<\/li>\n<li><strong>Color : <\/strong> Negro, caf\u00e9 en grano, t\u00e9 verde, melocot\u00f3n con miel, carb\u00f3n activo<\/li>\n<li><strong>Tipo de art\u00edculo : <\/strong> Arena para gatos<\/li>\n<li><strong>Nombre del producto : <\/strong> Arena de tofu para gatos<\/li>\n<li><strong>Certificado : <\/strong> BSCI, ISO9001<\/li>\n<li><strong>Tama\u00f1o : <\/strong> 0,2-0,32 cm<\/li>\n<li><strong>Paquete : <\/strong> 6L o 7L y 18L<\/li>\n<li><strong>Densidad : <\/strong> 0,55 g\/ml<\/li>\n<li><strong>Material : <\/strong> Harina de soja, Almid\u00f3n de ma\u00edz, Goma guar<\/li>\n<li><strong>Caracter\u00edstica : <\/strong> Sostenible<\/li>\n<\/ul>","protected":false},"excerpt":{"rendered":"<p>Place of Origin : Hebei, China Application : Cats Color : Black, coffee bean,green tea,honey peach,active carbon Item Type : Cat Litter Product name : Tofu Cat Litter Certificate : BSCI, ISO9001 Size : 0.2-0.32cm Package : 6L or 7L and 18L Density : 0.55g\/ml Material : Soybean flour, Corn starch, Guar gum Feature : [&hellip;]<\/p>","protected":false},"featured_media":416,"comment_status":"open","ping_status":"closed","template":"","meta":[],"product_cat":[26],"product_tag":[29,28,27],"class_list":{"0":"post-417","1":"product","2":"type-product","3":"status-publish","4":"has-post-thumbnail","6":"product_cat-crushed-tofu-cat-litter","7":"product_tag-cat-litter","8":"product_tag-pet-cleaning-grooming-products","9":"product_tag-pet-products","11":"first","12":"instock","13":"shipping-taxable","14":"product-type-simple"},"_links":{"self":[{"href":"https:\/\/catlitter-manufacturer.com\/es\/wp-json\/wp\/v2\/product\/417","targetHints":{"allow":["GET"]}}],"collection":[{"href":"https:\/\/catlitter-manufacturer.com\/es\/wp-json\/wp\/v2\/product"}],"about":[{"href":"https:\/\/catlitter-manufacturer.com\/es\/wp-json\/wp\/v2\/types\/product"}],"replies":[{"embeddable":true,"href":"https:\/\/catlitter-manufacturer.com\/es\/wp-json\/wp\/v2\/comments?post=417"}],"wp:featuredmedia":[{"embeddable":true,"href":"https:\/\/catlitter-manufacturer.com\/es\/wp-json\/wp\/v2\/media\/416"}],"wp:attachment":[{"href":"https:\/\/catlitter-manufacturer.com\/es\/wp-json\/wp\/v2\/media?parent=417"}],"wp:term":[{"taxonomy":"product_cat","embeddable":true,"href":"https:\/\/catlitter-manufacturer.com\/es\/wp-json\/wp\/v2\/product_cat?post=417"},{"taxonomy":"product_tag","embeddable":true,"href":"https:\/\/catlitter-manufacturer.com\/es\/wp-json\/wp\/v2\/product_tag?post=417"}],"curies":[{"name":"wp","href":"https:\/\/api.w.org\/{rel}","templated":true}]}}