{"id":517,"date":"2024-04-15T15:40:47","date_gmt":"2024-04-15T15:40:47","guid":{"rendered":"https:\/\/catlitter-manufacturer.com\/product\/auto-cat-litter-box-self-cleaning-low-noise-safety-app-control-capacity-odor-control-smart-cat-litter-automatic-box\/"},"modified":"2024-04-23T10:12:09","modified_gmt":"2024-04-23T10:12:09","slug":"auto-cat-litter-box-self-cleaning-low-noise-safety-app-control-capacity-odor-control-smart-cat-litter-automatic-box","status":"publish","type":"product","link":"https:\/\/catlitter-manufacturer.com\/es\/producto\/arenero-automatico-para-gatos-autolimpiante-poco-ruido-seguridad-app-control-capacidad-control-de-olores-arenero-automatico-inteligente-para-gatos\/","title":{"rendered":"Caja higi\u00e9nica autom\u00e1tica para gatos Autolimpiable Poco ruido Seguridad App Control Capacidad Control de olores Caja higi\u00e9nica autom\u00e1tica inteligente para gatos"},"content":{"rendered":"<ul>\n<li><strong>Lugar de origen : <\/strong> China<\/li>\n<li><strong>Tipo de art\u00edculo : <\/strong> Caja de arena para gatos<\/li>\n<li><strong>Material : <\/strong> PVC<\/li>\n<li><strong>Nombre del producto : <\/strong> Caja de arena autom\u00e1tica<\/li>\n<li><strong>Tama\u00f1o del producto : <\/strong> 38*52*50.5CM<\/li>\n<li><strong>Material de embalaje : <\/strong> cart\u00f3n<\/li>\n<li><strong>Tama\u00f1o del envase : <\/strong> 52.5*58*54.3CM<\/li>\n<li><strong>Peso : <\/strong> 18 kg<\/li>\n<\/ul>","protected":false},"excerpt":{"rendered":"<p>Lugar de Origen : China Tipo de art\u00edculo : Caja de arena para gatos Material : PVC Nombre del producto : Caja de arena autom\u00e1tica Tama\u00f1o del producto : 38*52*50.5CM Material de embalaje : cart\u00f3n Tama\u00f1o del embalaje : 52.5*58*54.3CM Peso : 18kg<\/p>","protected":false},"featured_media":516,"comment_status":"open","ping_status":"closed","template":"","meta":[],"product_cat":[35],"product_tag":[42,28,27],"class_list":{"0":"post-517","1":"product","2":"type-product","3":"status-publish","4":"has-post-thumbnail","6":"product_cat-smart-cat-litter-box","7":"product_tag-cat-litter-box-accessories","8":"product_tag-pet-cleaning-grooming-products","9":"product_tag-pet-products","11":"first","12":"instock","13":"shipping-taxable","14":"product-type-simple"},"_links":{"self":[{"href":"https:\/\/catlitter-manufacturer.com\/es\/wp-json\/wp\/v2\/product\/517","targetHints":{"allow":["GET"]}}],"collection":[{"href":"https:\/\/catlitter-manufacturer.com\/es\/wp-json\/wp\/v2\/product"}],"about":[{"href":"https:\/\/catlitter-manufacturer.com\/es\/wp-json\/wp\/v2\/types\/product"}],"replies":[{"embeddable":true,"href":"https:\/\/catlitter-manufacturer.com\/es\/wp-json\/wp\/v2\/comments?post=517"}],"wp:featuredmedia":[{"embeddable":true,"href":"https:\/\/catlitter-manufacturer.com\/es\/wp-json\/wp\/v2\/media\/516"}],"wp:attachment":[{"href":"https:\/\/catlitter-manufacturer.com\/es\/wp-json\/wp\/v2\/media?parent=517"}],"wp:term":[{"taxonomy":"product_cat","embeddable":true,"href":"https:\/\/catlitter-manufacturer.com\/es\/wp-json\/wp\/v2\/product_cat?post=517"},{"taxonomy":"product_tag","embeddable":true,"href":"https:\/\/catlitter-manufacturer.com\/es\/wp-json\/wp\/v2\/product_tag?post=517"}],"curies":[{"name":"wp","href":"https:\/\/api.w.org\/{rel}","templated":true}]}}