{"id":539,"date":"2024-04-15T15:46:43","date_gmt":"2024-04-15T15:46:43","guid":{"rendered":"https:\/\/catlitter-manufacturer.com\/product\/automatic-cat-toilet-box-smart-self-cleaning-xsecure-odor-removal-app-intelligent-automatic-cat-litter-box\/"},"modified":"2024-04-23T10:11:13","modified_gmt":"2024-04-23T10:11:13","slug":"automatic-cat-toilet-box-smart-self-cleaning-xsecure-odor-removal-app-intelligent-automatic-cat-litter-box","status":"publish","type":"product","link":"https:\/\/catlitter-manufacturer.com\/es\/producto\/caja-higienica-automatica-para-gatos-smart-self-cleaning-xsecure-odor-removal-app-caja-higienica-automatica-inteligente-para-gatos\/","title":{"rendered":"Caja higi\u00e9nica autom\u00e1tica para gatos Smart Self-Cleaning xSecure Eliminaci\u00f3n de olores APP Caja higi\u00e9nica autom\u00e1tica inteligente para gatos"},"content":{"rendered":"<ul>\n<li><strong>Lugar de origen : <\/strong> China<\/li>\n<li><strong>Tipo de art\u00edculo : <\/strong> Caja de arena para gatos<\/li>\n<li><strong>Material : <\/strong> Pl\u00e1stico ABS<\/li>\n<li><strong>Nombre del producto : <\/strong> Caja de arena autom\u00e1tica<\/li>\n<li><strong>Tama\u00f1o del producto : <\/strong> 62*52*58cm<\/li>\n<li><strong>Color : <\/strong> blanco<\/li>\n<\/ul>","protected":false},"excerpt":{"rendered":"<p>Lugar de Origen : China Tipo de art\u00edculo : Caja de arena para gatos Material : Pl\u00e1stico ABS Nombre del producto : Caja de arena autom\u00e1tica Tama\u00f1o del producto : 62*52*58cm Color : blanco<\/p>","protected":false},"featured_media":538,"comment_status":"open","ping_status":"closed","template":"","meta":[],"product_cat":[35],"product_tag":[42,28,27],"class_list":{"0":"post-539","1":"product","2":"type-product","3":"status-publish","4":"has-post-thumbnail","6":"product_cat-smart-cat-litter-box","7":"product_tag-cat-litter-box-accessories","8":"product_tag-pet-cleaning-grooming-products","9":"product_tag-pet-products","11":"first","12":"instock","13":"shipping-taxable","14":"product-type-simple"},"_links":{"self":[{"href":"https:\/\/catlitter-manufacturer.com\/es\/wp-json\/wp\/v2\/product\/539","targetHints":{"allow":["GET"]}}],"collection":[{"href":"https:\/\/catlitter-manufacturer.com\/es\/wp-json\/wp\/v2\/product"}],"about":[{"href":"https:\/\/catlitter-manufacturer.com\/es\/wp-json\/wp\/v2\/types\/product"}],"replies":[{"embeddable":true,"href":"https:\/\/catlitter-manufacturer.com\/es\/wp-json\/wp\/v2\/comments?post=539"}],"wp:featuredmedia":[{"embeddable":true,"href":"https:\/\/catlitter-manufacturer.com\/es\/wp-json\/wp\/v2\/media\/538"}],"wp:attachment":[{"href":"https:\/\/catlitter-manufacturer.com\/es\/wp-json\/wp\/v2\/media?parent=539"}],"wp:term":[{"taxonomy":"product_cat","embeddable":true,"href":"https:\/\/catlitter-manufacturer.com\/es\/wp-json\/wp\/v2\/product_cat?post=539"},{"taxonomy":"product_tag","embeddable":true,"href":"https:\/\/catlitter-manufacturer.com\/es\/wp-json\/wp\/v2\/product_tag?post=539"}],"curies":[{"name":"wp","href":"https:\/\/api.w.org\/{rel}","templated":true}]}}