{"id":550,"date":"2024-04-15T15:49:28","date_gmt":"2024-04-15T15:49:28","guid":{"rendered":"https:\/\/catlitter-manufacturer.com\/product\/smart-toilet-cat-litter-box-open-air-protection-pets-app-control-self-cleaning-cat-litter-automatic-box\/"},"modified":"2024-04-23T10:11:09","modified_gmt":"2024-04-23T10:11:09","slug":"smart-toilet-cat-litter-box-open-air-protection-pets-app-control-self-cleaning-cat-litter-automatic-box","status":"publish","type":"product","link":"https:\/\/catlitter-manufacturer.com\/es\/producto\/smart-toilet-caja-de-arena-para-gatos-proteccion-al-aire-libre-mascotas-app-control-autolimpieza-caja-de-arena-para-gatos-automatica\/","title":{"rendered":"Caja higi\u00e9nica inteligente para gatos Protecci\u00f3n al aire libre Mascotas App Control Autolimpieza Caja higi\u00e9nica autom\u00e1tica para gatos"},"content":{"rendered":"<ul>\n<li><strong>Lugar de origen : <\/strong> China<\/li>\n<li><strong>Tipo de art\u00edculo : <\/strong> Caja de arena para gatos<\/li>\n<li><strong>Material : <\/strong> Pl\u00e1stico ABS<\/li>\n<li><strong>Nombre del producto : <\/strong> Caja de arena autom\u00e1tica<\/li>\n<li><strong>Tama\u00f1o del producto : <\/strong> 47*76.24.8cm<\/li>\n<li><strong>Material de embalaje : <\/strong> cart\u00f3n<\/li>\n<li><strong>Tama\u00f1o del envase : <\/strong> 79,5 * 27,5 * 52,5 cm<\/li>\n<li><strong>Peso : <\/strong> 9 kg<\/li>\n<li><strong>colores : <\/strong> Blanco Gris Azul Rosa<\/li>\n<\/ul>","protected":false},"excerpt":{"rendered":"<p>Lugar de Origen : China Tipo de art\u00edculo : Caja de arena para gatos Material : Pl\u00e1stico ABS Nombre del producto : Caja de arena autom\u00e1tica Tama\u00f1o del producto : 47*76.24.8cm Material de embalaje : cart\u00f3n Tama\u00f1o del embalaje : 79.5 * 27.5 * 52.5cm Peso : 9kg Colores : Blanco Gris Azul Rosa<\/p>","protected":false},"featured_media":549,"comment_status":"open","ping_status":"closed","template":"","meta":[],"product_cat":[35],"product_tag":[42,28,27],"class_list":{"0":"post-550","1":"product","2":"type-product","3":"status-publish","4":"has-post-thumbnail","6":"product_cat-smart-cat-litter-box","7":"product_tag-cat-litter-box-accessories","8":"product_tag-pet-cleaning-grooming-products","9":"product_tag-pet-products","11":"first","12":"instock","13":"shipping-taxable","14":"product-type-simple"},"_links":{"self":[{"href":"https:\/\/catlitter-manufacturer.com\/es\/wp-json\/wp\/v2\/product\/550","targetHints":{"allow":["GET"]}}],"collection":[{"href":"https:\/\/catlitter-manufacturer.com\/es\/wp-json\/wp\/v2\/product"}],"about":[{"href":"https:\/\/catlitter-manufacturer.com\/es\/wp-json\/wp\/v2\/types\/product"}],"replies":[{"embeddable":true,"href":"https:\/\/catlitter-manufacturer.com\/es\/wp-json\/wp\/v2\/comments?post=550"}],"wp:featuredmedia":[{"embeddable":true,"href":"https:\/\/catlitter-manufacturer.com\/es\/wp-json\/wp\/v2\/media\/549"}],"wp:attachment":[{"href":"https:\/\/catlitter-manufacturer.com\/es\/wp-json\/wp\/v2\/media?parent=550"}],"wp:term":[{"taxonomy":"product_cat","embeddable":true,"href":"https:\/\/catlitter-manufacturer.com\/es\/wp-json\/wp\/v2\/product_cat?post=550"},{"taxonomy":"product_tag","embeddable":true,"href":"https:\/\/catlitter-manufacturer.com\/es\/wp-json\/wp\/v2\/product_tag?post=550"}],"curies":[{"name":"wp","href":"https:\/\/api.w.org\/{rel}","templated":true}]}}