{"id":648,"date":"2024-04-15T23:32:11","date_gmt":"2024-04-15T23:32:11","guid":{"rendered":"https:\/\/catlitter-manufacturer.com\/product\/pet-supplies-oem-high-quality-for-small-animals-plastic-4l6l-automatic-lcd-touch-control-pet-bowls-feeders\/"},"modified":"2024-04-23T10:08:52","modified_gmt":"2024-04-23T10:08:52","slug":"pet-supplies-oem-high-quality-for-small-animals-plastic-4l6l-automatic-lcd-touch-control-pet-bowls-feeders","status":"publish","type":"product","link":"https:\/\/catlitter-manufacturer.com\/es\/producto\/pet-supplies-oem-high-quality-for-small-animals-plastic-4l6l-automatic-lcd-touch-control-pet-bowls-feeders\/","title":{"rendered":"Suministros para mascotas OEM de alta calidad para los peque\u00f1os animales de pl\u00e1stico 4L &amp; 6L Lcd autom\u00e1tico de control t\u00e1ctil comederos para mascotas"},"content":{"rendered":"<ul>\n<li><strong>Tipo : <\/strong> Comederos y cuencos para mascotas<\/li>\n<li><strong>Tipo de art\u00edculo : <\/strong> Botellas de agua<\/li>\n<li><strong>Ajuste de la hora : <\/strong> S\u00ed<\/li>\n<li><strong>Pantalla LCD : <\/strong> NO<\/li>\n<li><strong>Forma : <\/strong> Redondeado<\/li>\n<li><strong>Material : <\/strong> Copper;Plastic<\/li>\n<li><strong>Voltage : <\/strong> 110-240V<\/li>\n<li><strong>Tipo de cuenco y alimentador : <\/strong> Comederos y bebederos autom\u00e1ticos<\/li>\n<li><strong>Aplicaci\u00f3n : <\/strong> Animales peque\u00f1os<\/li>\n<li><strong>Caracter\u00edstica : <\/strong> Automatic, Non-automatic, Stocked<\/li>\n<li><strong>Lugar de origen : <\/strong> Hebei, China<\/li>\n<li><strong>VIDEO : <\/strong> S\u00cd<\/li>\n<li><strong>Dual power supply : <\/strong> S\u00cd<\/li>\n<li><strong>ANTI-STEALING L0CK : <\/strong> S\u00cd<\/li>\n<li><strong>VOICE SHOUTING : <\/strong> S\u00cd<\/li>\n<li><strong>APP remote control : <\/strong> S\u00cd<\/li>\n<li><strong>Applicable main grain size : <\/strong> 2-12mm<\/li>\n<\/ul>","protected":false},"excerpt":{"rendered":"<p>Type : Pet Bowls &amp; Feeders Item Type : Water Bottles Time Setting : Yes LCD Display : NO Shape : Rounded Material : Copper;Plastic Voltage : 110-240V Bowl &amp; Feeder Type : Automatic Feeders &amp; Waterers Application : Small Animals Feature : Automatic, Non-automatic, Stocked Place of Origin : Hebei, China VIDEO : YES [&hellip;]<\/p>","protected":false},"featured_media":647,"comment_status":"open","ping_status":"closed","template":"","meta":[],"product_cat":[36],"product_tag":[43,27],"class_list":{"0":"post-648","1":"product","2":"type-product","3":"status-publish","4":"has-post-thumbnail","6":"product_cat-smart-feeders","7":"product_tag-pet-bowls-feeders","8":"product_tag-pet-products","10":"first","11":"instock","12":"shipping-taxable","13":"product-type-simple"},"_links":{"self":[{"href":"https:\/\/catlitter-manufacturer.com\/es\/wp-json\/wp\/v2\/product\/648","targetHints":{"allow":["GET"]}}],"collection":[{"href":"https:\/\/catlitter-manufacturer.com\/es\/wp-json\/wp\/v2\/product"}],"about":[{"href":"https:\/\/catlitter-manufacturer.com\/es\/wp-json\/wp\/v2\/types\/product"}],"replies":[{"embeddable":true,"href":"https:\/\/catlitter-manufacturer.com\/es\/wp-json\/wp\/v2\/comments?post=648"}],"wp:featuredmedia":[{"embeddable":true,"href":"https:\/\/catlitter-manufacturer.com\/es\/wp-json\/wp\/v2\/media\/647"}],"wp:attachment":[{"href":"https:\/\/catlitter-manufacturer.com\/es\/wp-json\/wp\/v2\/media?parent=648"}],"wp:term":[{"taxonomy":"product_cat","embeddable":true,"href":"https:\/\/catlitter-manufacturer.com\/es\/wp-json\/wp\/v2\/product_cat?post=648"},{"taxonomy":"product_tag","embeddable":true,"href":"https:\/\/catlitter-manufacturer.com\/es\/wp-json\/wp\/v2\/product_tag?post=648"}],"curies":[{"name":"wp","href":"https:\/\/api.w.org\/{rel}","templated":true}]}}