{"id":906,"date":"2024-04-15T23:45:57","date_gmt":"2024-04-15T23:45:57","guid":{"rendered":"https:\/\/catlitter-manufacturer.com\/product\/pet-tableware-cat-dog-bowl-spot-wholesale-colorful-anti-choking-bowl-pet-slow-food-bowl\/"},"modified":"2024-04-23T10:06:21","modified_gmt":"2024-04-23T10:06:21","slug":"pet-tableware-cat-dog-bowl-spot-wholesale-colorful-anti-choking-bowl-pet-slow-food-bowl","status":"publish","type":"product","link":"https:\/\/catlitter-manufacturer.com\/es\/producto\/pet-tableware-cat-dog-bowl-spot-wholesale-colorful-anti-choking-bowl-pet-slow-food-bowl\/","title":{"rendered":"Vajilla para Mascotas Taz\u00f3n para Perro Gato Spot Venta al Por Mayor Colorido Taz\u00f3n Antiahogo Taz\u00f3n para Comida Lenta para Mascotas"},"content":{"rendered":"<ul>\n<li><strong>Tipo : <\/strong> Comederos y cuencos para mascotas<\/li>\n<li><strong>Tipo de art\u00edculo : <\/strong> Botellas de agua<\/li>\n<li><strong>Ajuste de la hora : <\/strong> NO<\/li>\n<li><strong>Pantalla LCD : <\/strong> NO<\/li>\n<li><strong>Forma : <\/strong> Redondeado<\/li>\n<li><strong>Material : <\/strong> Plastic<\/li>\n<li><strong>Tipo de cuenco y alimentador : <\/strong> Comederos y bebederos autom\u00e1ticos<\/li>\n<li><strong>Aplicaci\u00f3n : <\/strong> Animales peque\u00f1os<\/li>\n<li><strong>Caracter\u00edstica : <\/strong> No autom\u00e1tico, Almacenado<\/li>\n<li><strong>Lugar de origen : <\/strong> Hebei, China<\/li>\n<li><strong>Marca : <\/strong> OEM\/ODM<\/li>\n<li><strong>Respetuoso con el medio ambiente : <\/strong> S\u00cd<\/li>\n<li><strong>Seguridad : <\/strong> S\u00ed<\/li>\n<li><strong>Color : <\/strong> Azul<\/li>\n<\/ul>","protected":false},"excerpt":{"rendered":"<p>Type : Pet Bowls &amp; Feeders Item Type : Water Bottles Time Setting : NO LCD Display : NO Shape : Rounded Material : Plastic Bowl &amp; Feeder Type : Automatic Feeders &amp; Waterers Application : Small Animals Feature : Non-automatic, Stocked Place of Origin : Hebei, China Brand Name : OEM\/ODM Eco-Friendly : YES [&hellip;]<\/p>","protected":false},"featured_media":905,"comment_status":"open","ping_status":"closed","template":"","meta":[],"product_cat":[39],"product_tag":[43,27],"class_list":{"0":"post-906","1":"product","2":"type-product","3":"status-publish","4":"has-post-thumbnail","6":"product_cat-pet-bows","7":"product_tag-pet-bowls-feeders","8":"product_tag-pet-products","10":"first","11":"instock","12":"shipping-taxable","13":"product-type-simple"},"_links":{"self":[{"href":"https:\/\/catlitter-manufacturer.com\/es\/wp-json\/wp\/v2\/product\/906","targetHints":{"allow":["GET"]}}],"collection":[{"href":"https:\/\/catlitter-manufacturer.com\/es\/wp-json\/wp\/v2\/product"}],"about":[{"href":"https:\/\/catlitter-manufacturer.com\/es\/wp-json\/wp\/v2\/types\/product"}],"replies":[{"embeddable":true,"href":"https:\/\/catlitter-manufacturer.com\/es\/wp-json\/wp\/v2\/comments?post=906"}],"wp:featuredmedia":[{"embeddable":true,"href":"https:\/\/catlitter-manufacturer.com\/es\/wp-json\/wp\/v2\/media\/905"}],"wp:attachment":[{"href":"https:\/\/catlitter-manufacturer.com\/es\/wp-json\/wp\/v2\/media?parent=906"}],"wp:term":[{"taxonomy":"product_cat","embeddable":true,"href":"https:\/\/catlitter-manufacturer.com\/es\/wp-json\/wp\/v2\/product_cat?post=906"},{"taxonomy":"product_tag","embeddable":true,"href":"https:\/\/catlitter-manufacturer.com\/es\/wp-json\/wp\/v2\/product_tag?post=906"}],"curies":[{"name":"wp","href":"https:\/\/api.w.org\/{rel}","templated":true}]}}