{"id":1030,"date":"2024-04-15T23:52:17","date_gmt":"2024-04-15T23:52:17","guid":{"rendered":"https:\/\/catlitter-manufacturer.com\/product\/wood-flannelette-large-multicolor-cat-scratcher-tree-house-furniture-kittens-activity-gary-cat-tree-house\/"},"modified":"2024-04-23T10:04:40","modified_gmt":"2024-04-23T10:04:40","slug":"wood-flannelette-large-multicolor-cat-scratcher-tree-house-furniture-kittens-activity-gary-cat-tree-house","status":"publish","type":"product","link":"https:\/\/catlitter-manufacturer.com\/fr\/produit\/bois-flannelette-grand-chat-multicolore-griffoir-arbre-meuble-chat-activite-gary-maison-arbre-a-chat\/","title":{"rendered":"Arbre \u00e0 griffes en bois Flanelle Large Multicolore Maison de Griffes pour Chat Meuble Activit\u00e9 Chatons Gary Arbre \u00e0 Griffes pour Chat"},"content":{"rendered":"<ul>\n<li><strong>Lieu d'origine : <\/strong> Chine<\/li>\n<li><strong>Num\u00e9ro de mod\u00e8le : <\/strong> PJ-012<\/li>\n<li><strong>Caract\u00e9ristiques : <\/strong> Durable<\/li>\n<li><strong>Application : <\/strong> Chats<\/li>\n<li><strong>Mat\u00e9riau : <\/strong> Bois, tissus en peluche, corde de sisal naturelle, bois press\u00e9<\/li>\n<li><strong>Nom du produit : <\/strong> Tour d'arbre \u00e0 chat<\/li>\n<li><strong>Couleur : <\/strong> divers<\/li>\n<li><strong>Mat\u00e9riau de la corde : <\/strong> Sisal, trait\u00e9 \u00e0 l'herbe \u00e0 chat ou personnalis\u00e9<\/li>\n<li><strong>Diam\u00e8tre du c\u00e2ble : <\/strong> 7cm ou sur mesure<\/li>\n<li><strong>Exemple : <\/strong> Disponible<\/li>\n<li><strong>Logo : <\/strong> Logo personnalis\u00e9<\/li>\n<li><strong>OEM\/ODM : <\/strong> Accpeted<\/li>\n<li><strong>Type : <\/strong> Jouets pour animaux de compagnie<\/li>\n<\/ul>","protected":false},"excerpt":{"rendered":"<p>Place of Origin : China Model Number : PJ-012 Feature : Sustainable Application : Cats Material : Wood, Plush fabrics,nature sisal rope.press wood Product Name : Cat Tree Tower Color : various Rope Material : Sisal, Catnip Treated or Customized Rope Diameter : 7cm or Customized Sample : Available Logo : Customed Logo OEM\/ODM : [&hellip;]<\/p>","protected":false},"featured_media":1028,"comment_status":"open","ping_status":"closed","template":"","meta":[],"product_cat":[40],"product_tag":[47,27,45],"class_list":{"0":"post-1030","1":"product","2":"type-product","3":"status-publish","4":"has-post-thumbnail","6":"product_cat-pet-toys","7":"product_tag-cat-trees-scratcher","8":"product_tag-pet-products","9":"product_tag-pet-toys","11":"first","12":"instock","13":"shipping-taxable","14":"product-type-simple"},"_links":{"self":[{"href":"https:\/\/catlitter-manufacturer.com\/fr\/wp-json\/wp\/v2\/product\/1030","targetHints":{"allow":["GET"]}}],"collection":[{"href":"https:\/\/catlitter-manufacturer.com\/fr\/wp-json\/wp\/v2\/product"}],"about":[{"href":"https:\/\/catlitter-manufacturer.com\/fr\/wp-json\/wp\/v2\/types\/product"}],"replies":[{"embeddable":true,"href":"https:\/\/catlitter-manufacturer.com\/fr\/wp-json\/wp\/v2\/comments?post=1030"}],"wp:featuredmedia":[{"embeddable":true,"href":"https:\/\/catlitter-manufacturer.com\/fr\/wp-json\/wp\/v2\/media\/1028"}],"wp:attachment":[{"href":"https:\/\/catlitter-manufacturer.com\/fr\/wp-json\/wp\/v2\/media?parent=1030"}],"wp:term":[{"taxonomy":"product_cat","embeddable":true,"href":"https:\/\/catlitter-manufacturer.com\/fr\/wp-json\/wp\/v2\/product_cat?post=1030"},{"taxonomy":"product_tag","embeddable":true,"href":"https:\/\/catlitter-manufacturer.com\/fr\/wp-json\/wp\/v2\/product_tag?post=1030"}],"curies":[{"name":"wp","href":"https:\/\/api.w.org\/{rel}","templated":true}]}}