{"id":1118,"date":"2024-04-15T23:56:12","date_gmt":"2024-04-15T23:56:12","guid":{"rendered":"https:\/\/catlitter-manufacturer.com\/product\/new-cat-litter-partner-can-mix-all-kinds-of-cat-litter-sober-air-deodorization-beads\/"},"modified":"2024-04-23T10:02:33","modified_gmt":"2024-04-23T10:02:33","slug":"new-cat-litter-partner-can-mix-all-kinds-of-cat-litter-sober-air-deodorization-beads","status":"publish","type":"product","link":"https:\/\/catlitter-manufacturer.com\/fr\/produit\/le-nouveau-partenaire-de-litiere-pour-chats-peut-melanger-toutes-sortes-de-litieres-pour-chats\/","title":{"rendered":"Le nouveau partenaire de liti\u00e8re pour chats peut m\u00e9langer toutes sortes de liti\u00e8res pour chats, des billes de d\u00e9sodorisation sobres."},"content":{"rendered":"<ul>\n<li><strong>Lieu d'origine : <\/strong> Hebei, Chine<\/li>\n<li><strong>Application : <\/strong> Chats<\/li>\n<li><strong>Type d'article : <\/strong> Perles de d\u00e9sodorisation pour liti\u00e8re de chat<\/li>\n<li><strong>Nom du produit : <\/strong> perles d\u00e9odorantes<\/li>\n<li><strong>Couleur : <\/strong> Bleu rose gris vert<\/li>\n<li><strong>Taille : <\/strong> 450g<\/li>\n<li><strong>OEM\/ODM : <\/strong> Disponible<\/li>\n<li><strong>Emballage : <\/strong> Bo\u00eete en carton 450g*24 tasses<\/li>\n<li><strong>Dur\u00e9e de conservation : <\/strong> 36 mois<\/li>\n<li><strong>Caract\u00e9ristiques : <\/strong> Durable<\/li>\n<\/ul>","protected":false},"excerpt":{"rendered":"<p>Lieu d'origine : Hebei, Chine Application : Chats Type d'article : Billes de d\u00e9sodorisation pour liti\u00e8re de chat Nom du produit : Billes de d\u00e9sodorisation Couleur : Bleu rose gris vert Taille : 450g OEM\/ODM : Disponible Emballage : Bo\u00eete en carton 450g*24 tasses Dur\u00e9e de conservation : 36 mois Caract\u00e9ristique : Durable<\/p>","protected":false},"featured_media":1117,"comment_status":"open","ping_status":"closed","template":"","meta":[],"product_cat":[41],"product_tag":[29,28,27],"class_list":{"0":"post-1118","1":"product","2":"type-product","3":"status-publish","4":"has-post-thumbnail","6":"product_cat-other-accessories","7":"product_tag-cat-litter","8":"product_tag-pet-cleaning-grooming-products","9":"product_tag-pet-products","11":"first","12":"instock","13":"shipping-taxable","14":"product-type-simple"},"_links":{"self":[{"href":"https:\/\/catlitter-manufacturer.com\/fr\/wp-json\/wp\/v2\/product\/1118","targetHints":{"allow":["GET"]}}],"collection":[{"href":"https:\/\/catlitter-manufacturer.com\/fr\/wp-json\/wp\/v2\/product"}],"about":[{"href":"https:\/\/catlitter-manufacturer.com\/fr\/wp-json\/wp\/v2\/types\/product"}],"replies":[{"embeddable":true,"href":"https:\/\/catlitter-manufacturer.com\/fr\/wp-json\/wp\/v2\/comments?post=1118"}],"wp:featuredmedia":[{"embeddable":true,"href":"https:\/\/catlitter-manufacturer.com\/fr\/wp-json\/wp\/v2\/media\/1117"}],"wp:attachment":[{"href":"https:\/\/catlitter-manufacturer.com\/fr\/wp-json\/wp\/v2\/media?parent=1118"}],"wp:term":[{"taxonomy":"product_cat","embeddable":true,"href":"https:\/\/catlitter-manufacturer.com\/fr\/wp-json\/wp\/v2\/product_cat?post=1118"},{"taxonomy":"product_tag","embeddable":true,"href":"https:\/\/catlitter-manufacturer.com\/fr\/wp-json\/wp\/v2\/product_tag?post=1118"}],"curies":[{"name":"wp","href":"https:\/\/api.w.org\/{rel}","templated":true}]}}