{"id":125,"date":"2024-04-15T05:44:21","date_gmt":"2024-04-15T05:44:21","guid":{"rendered":"https:\/\/catlitter-manufacturer.com\/product\/wholesale-cat-litter-sand-oem-clumping-dust-free-eco-friendly-bentonite-cat-litter\/"},"modified":"2024-04-23T10:21:32","modified_gmt":"2024-04-23T10:21:32","slug":"wholesale-cat-litter-sand-oem-clumping-dust-free-eco-friendly-bentonite-cat-litter","status":"publish","type":"product","link":"https:\/\/catlitter-manufacturer.com\/fr\/produit\/wholesale-cat-litter-sand-oem-clumping-dust-free-eco-friendly-bentonite-cat-litter\/","title":{"rendered":"Liti\u00e8re pour chat en gros Sable OEM Liti\u00e8re pour chat agglom\u00e9rante sans poussi\u00e8re Bentonite \u00e9cologique"},"content":{"rendered":"<ul>\n<li><strong>Lieu d'origine : <\/strong> Hebei, Chine<\/li>\n<li><strong>Application : <\/strong> Chats<\/li>\n<li><strong>Type d'article : <\/strong> Liti\u00e8re pour chats<\/li>\n<li><strong>Nom du produit : <\/strong> Liti\u00e8re pour chats \u00e0 base de bentonite<\/li>\n<li><strong>Couleur : <\/strong> Grey<\/li>\n<li><strong>Certificat : <\/strong> BSCI, ISO9001<\/li>\n<li><strong>Taille : <\/strong> 1-3.5mm<\/li>\n<li><strong>OEM\/ODM : <\/strong> Avalable<\/li>\n<li><strong>Paquet : <\/strong> 5L\/sac<\/li>\n<li><strong>Densit\u00e9 : <\/strong> 0,80 - 1,00g\/ml<\/li>\n<li><strong>Forme : <\/strong> forme de balle<\/li>\n<li><strong>Caract\u00e9ristiques : <\/strong> Durable<\/li>\n<\/ul>","protected":false},"excerpt":{"rendered":"<p>Place of Origin : Hebei, China Application : Cats Item Type : Cat Litter Product name : Bentonite cat litter Color : Grey Certificate : BSCI, ISO9001 Size : 1-3.5mm OEM\/ODM : Avalible Package : 5L\/bag Density : 0.80 &#8211; 1.00g\/ml Shape : ball shape Feature : Sustainable<\/p>","protected":false},"featured_media":123,"comment_status":"open","ping_status":"closed","template":"","meta":[],"product_cat":[23],"product_tag":[29,28,27],"class_list":{"0":"post-125","1":"product","2":"type-product","3":"status-publish","4":"has-post-thumbnail","6":"product_cat-ball-shaped-bentonie-cat-litter","7":"product_tag-cat-litter","8":"product_tag-pet-cleaning-grooming-products","9":"product_tag-pet-products","11":"first","12":"instock","13":"shipping-taxable","14":"product-type-simple"},"_links":{"self":[{"href":"https:\/\/catlitter-manufacturer.com\/fr\/wp-json\/wp\/v2\/product\/125","targetHints":{"allow":["GET"]}}],"collection":[{"href":"https:\/\/catlitter-manufacturer.com\/fr\/wp-json\/wp\/v2\/product"}],"about":[{"href":"https:\/\/catlitter-manufacturer.com\/fr\/wp-json\/wp\/v2\/types\/product"}],"replies":[{"embeddable":true,"href":"https:\/\/catlitter-manufacturer.com\/fr\/wp-json\/wp\/v2\/comments?post=125"}],"wp:featuredmedia":[{"embeddable":true,"href":"https:\/\/catlitter-manufacturer.com\/fr\/wp-json\/wp\/v2\/media\/123"}],"wp:attachment":[{"href":"https:\/\/catlitter-manufacturer.com\/fr\/wp-json\/wp\/v2\/media?parent=125"}],"wp:term":[{"taxonomy":"product_cat","embeddable":true,"href":"https:\/\/catlitter-manufacturer.com\/fr\/wp-json\/wp\/v2\/product_cat?post=125"},{"taxonomy":"product_tag","embeddable":true,"href":"https:\/\/catlitter-manufacturer.com\/fr\/wp-json\/wp\/v2\/product_tag?post=125"}],"curies":[{"name":"wp","href":"https:\/\/api.w.org\/{rel}","templated":true}]}}