{"id":218,"date":"2024-04-15T06:00:18","date_gmt":"2024-04-15T06:00:18","guid":{"rendered":"https:\/\/catlitter-manufacturer.com\/product\/fast-delivery-oem-factory-wholesale-catlitter-kitty-sand-cracked-dust-free-clumping-bentonite-mixed-cat-litter\/"},"modified":"2024-04-23T10:18:46","modified_gmt":"2024-04-23T10:18:46","slug":"fast-delivery-oem-factory-wholesale-catlitter-kitty-sand-cracked-dust-free-clumping-bentonite-mixed-cat-litter","status":"publish","type":"product","link":"https:\/\/catlitter-manufacturer.com\/fr\/produit\/fast-delivery-oem-factory-wholesale-catlitter-kitty-sand-cracked-dust-free-clumping-bentonite-mixed-cat-litter\/","title":{"rendered":"Fast Delivery OEM Factory Wholesale Catlitter Kitty Sand Cracked Dust Free Clumping Bentonite Mixed Cat Litter"},"content":{"rendered":"<ul>\n<li><strong>Lieu d'origine : <\/strong> Hebei, Chine<\/li>\n<li><strong>Application : <\/strong> Chats<\/li>\n<li><strong>Type d'article : <\/strong> Liti\u00e8re pour chats<\/li>\n<li><strong>Nom du produit : <\/strong> Liti\u00e8re pour chats \u00e0 base de bentonite broy\u00e9e<\/li>\n<li><strong>Couleur : <\/strong> black+white<\/li>\n<li><strong>Certificat : <\/strong> BSCI, ISO9001<\/li>\n<li><strong>Taille : <\/strong> 0,5-1,5 mm<\/li>\n<li><strong>OEM\/ODM : <\/strong> Avalable<\/li>\n<li><strong>Paquet : <\/strong> 5L\/6L\/10L\/12L\/15L<\/li>\n<li><strong>Densit\u00e9 : <\/strong> 0,80 - 1,00g\/ml<\/li>\n<li><strong>Forme : <\/strong> b\u00e9guin<\/li>\n<li><strong>Caract\u00e9ristiques : <\/strong> Durable<\/li>\n<\/ul>","protected":false},"excerpt":{"rendered":"<p>Place of Origin : Hebei, China Application : Cats Item Type : Cat Litter Product name : Crush Bentonite cat litter Color : black+white Certificate : BSCI, ISO9001 Size : 0.5-1.5mm OEM\/ODM : Avalible Package : 5L\/6L\/10L\/12L\/15L Density : 0.80 &#8211; 1.00g\/ml Shape : crush Feature : Sustainable<\/p>","protected":false},"featured_media":217,"comment_status":"open","ping_status":"closed","template":"","meta":[],"product_cat":[24],"product_tag":[],"class_list":{"0":"post-218","1":"product","2":"type-product","3":"status-publish","4":"has-post-thumbnail","6":"product_cat-crushed-bentonite-cat-litter","8":"first","9":"outofstock","10":"shipping-taxable","11":"product-type-simple"},"_links":{"self":[{"href":"https:\/\/catlitter-manufacturer.com\/fr\/wp-json\/wp\/v2\/product\/218","targetHints":{"allow":["GET"]}}],"collection":[{"href":"https:\/\/catlitter-manufacturer.com\/fr\/wp-json\/wp\/v2\/product"}],"about":[{"href":"https:\/\/catlitter-manufacturer.com\/fr\/wp-json\/wp\/v2\/types\/product"}],"replies":[{"embeddable":true,"href":"https:\/\/catlitter-manufacturer.com\/fr\/wp-json\/wp\/v2\/comments?post=218"}],"wp:featuredmedia":[{"embeddable":true,"href":"https:\/\/catlitter-manufacturer.com\/fr\/wp-json\/wp\/v2\/media\/217"}],"wp:attachment":[{"href":"https:\/\/catlitter-manufacturer.com\/fr\/wp-json\/wp\/v2\/media?parent=218"}],"wp:term":[{"taxonomy":"product_cat","embeddable":true,"href":"https:\/\/catlitter-manufacturer.com\/fr\/wp-json\/wp\/v2\/product_cat?post=218"},{"taxonomy":"product_tag","embeddable":true,"href":"https:\/\/catlitter-manufacturer.com\/fr\/wp-json\/wp\/v2\/product_tag?post=218"}],"curies":[{"name":"wp","href":"https:\/\/api.w.org\/{rel}","templated":true}]}}