{"id":237,"date":"2024-04-15T06:02:05","date_gmt":"2024-04-15T06:02:05","guid":{"rendered":"https:\/\/catlitter-manufacturer.com\/product\/recruitment-agencies-volcanic-rock-efficient-deodorization-crushed-bentonite-cat-litter\/"},"modified":"2024-04-23T10:18:31","modified_gmt":"2024-04-23T10:18:31","slug":"recruitment-agencies-volcanic-rock-efficient-deodorization-crushed-bentonite-cat-litter","status":"publish","type":"product","link":"https:\/\/catlitter-manufacturer.com\/fr\/produit\/agences-de-recrutement-roche-volcanique-desodorisation-efficace-litiere-pour-chat-bentonite-broyee\/","title":{"rendered":"Agences de recrutement Roche volcanique D\u00e9sodorisation efficace Bentonite broy\u00e9e Liti\u00e8re pour chats"},"content":{"rendered":"<ul>\n<li><strong>Lieu d'origine : <\/strong> Hebei, Chine<\/li>\n<li><strong>Application : <\/strong> Chats<\/li>\n<li><strong>Type d'article : <\/strong> Liti\u00e8re pour chats<\/li>\n<li><strong>Nom du produit : <\/strong> Liti\u00e8re pour chats \u00e0 base de bentonite broy\u00e9e<\/li>\n<li><strong>Couleur : <\/strong> gary<\/li>\n<li><strong>Mati\u00e8res premi\u00e8res : <\/strong> Bentonite de sodium<\/li>\n<li><strong>Densit\u00e9 : <\/strong> 0,80 - 1,00g\/ml<\/li>\n<li><strong>Certificat : <\/strong> BSCI, ISO9001<\/li>\n<li><strong>Forme : <\/strong> b\u00e9guin<\/li>\n<li><strong>Taille : <\/strong> 0,5-1,5 mm<\/li>\n<li><strong>OEM\/ODM : <\/strong> Avalable<\/li>\n<li><strong>Paquet : <\/strong> 5L\/6L\/10L\/12L\/15L<\/li>\n<li><strong>Caract\u00e9ristiques : <\/strong> Durable<\/li>\n<\/ul>","protected":false},"excerpt":{"rendered":"<p>Place of Origin : Hebei, China Application : Cats Item Type : Cat Litter Product name : Crush Bentonite cat litter Color : gary Raw material : Sodium Bentonite Density : 0.80 &#8211; 1.00g\/ml Certificate : BSCI, ISO9001 Shape : crush Size : 0.5-1.5mm OEM\/ODM : Avalible Package : 5L\/6L\/10L\/12L\/15L Feature : Sustainable<\/p>","protected":false},"featured_media":236,"comment_status":"open","ping_status":"closed","template":"","meta":[],"product_cat":[24],"product_tag":[29,28,27],"class_list":{"0":"post-237","1":"product","2":"type-product","3":"status-publish","4":"has-post-thumbnail","6":"product_cat-crushed-bentonite-cat-litter","7":"product_tag-cat-litter","8":"product_tag-pet-cleaning-grooming-products","9":"product_tag-pet-products","11":"first","12":"instock","13":"shipping-taxable","14":"product-type-simple"},"_links":{"self":[{"href":"https:\/\/catlitter-manufacturer.com\/fr\/wp-json\/wp\/v2\/product\/237","targetHints":{"allow":["GET"]}}],"collection":[{"href":"https:\/\/catlitter-manufacturer.com\/fr\/wp-json\/wp\/v2\/product"}],"about":[{"href":"https:\/\/catlitter-manufacturer.com\/fr\/wp-json\/wp\/v2\/types\/product"}],"replies":[{"embeddable":true,"href":"https:\/\/catlitter-manufacturer.com\/fr\/wp-json\/wp\/v2\/comments?post=237"}],"wp:featuredmedia":[{"embeddable":true,"href":"https:\/\/catlitter-manufacturer.com\/fr\/wp-json\/wp\/v2\/media\/236"}],"wp:attachment":[{"href":"https:\/\/catlitter-manufacturer.com\/fr\/wp-json\/wp\/v2\/media?parent=237"}],"wp:term":[{"taxonomy":"product_cat","embeddable":true,"href":"https:\/\/catlitter-manufacturer.com\/fr\/wp-json\/wp\/v2\/product_cat?post=237"},{"taxonomy":"product_tag","embeddable":true,"href":"https:\/\/catlitter-manufacturer.com\/fr\/wp-json\/wp\/v2\/product_tag?post=237"}],"curies":[{"name":"wp","href":"https:\/\/api.w.org\/{rel}","templated":true}]}}