{"id":336,"date":"2024-04-15T06:45:20","date_gmt":"2024-04-15T06:45:20","guid":{"rendered":"https:\/\/catlitter-manufacturer.com\/product\/buy-cat-litter-wholesale-bulk-clumping-flushable-odor-control-tofu-cat-litter\/"},"modified":"2024-04-23T10:15:59","modified_gmt":"2024-04-23T10:15:59","slug":"buy-cat-litter-wholesale-bulk-clumping-flushable-odor-control-tofu-cat-litter","status":"publish","type":"product","link":"https:\/\/catlitter-manufacturer.com\/fr\/produit\/acheter-de-la-litiere-pour-chat-acheter-en-gros-de-la-litiere-pour-chat-agglomerante-jetable-et-anti-odeur-en-tofu\/","title":{"rendered":"Acheter en gros de la liti\u00e8re pour chat agglom\u00e9rante, jetable et anti-odeur Liti\u00e8re pour chat Tofu"},"content":{"rendered":"<ul>\n<li><strong>Lieu d'origine : <\/strong> Chine<\/li>\n<li><strong>Application : <\/strong> Chats<\/li>\n<li><strong>Couleur : <\/strong> Rose, vert rose violet bleu blanc noir caf\u00e9<\/li>\n<li><strong>Type d'article : <\/strong> Liti\u00e8re pour chats<\/li>\n<li><strong>Nom du produit : <\/strong> Liti\u00e8re pour chat en tofu<\/li>\n<li><strong>Certificat : <\/strong> BSCI, ISO9001<\/li>\n<li><strong>Taille : <\/strong> 1.0mm 1.5mm 2.0mm 3.0mm<\/li>\n<li><strong>Paquet : <\/strong> 2.5kg\/sac<\/li>\n<li><strong>Densit\u00e9 : <\/strong> 0,80 - 1,00g\/ml<\/li>\n<li><strong>Parfum : <\/strong> Nature, p\u00eache, charbon, poudre pour b\u00e9b\u00e9, pomme, citron, lavande, rose,...<\/li>\n<li><strong>MOQ : <\/strong> 1 tonne<\/li>\n<li><strong>Type : <\/strong> Bande<\/li>\n<li><strong>Caract\u00e9ristiques : <\/strong> Durable<\/li>\n<\/ul>","protected":false},"excerpt":{"rendered":"<p>Place of Origin : China Application : Cats Color : Pink, Green Pink Purple Blue White Black Coffee Item Type : Cat Litter Product name : Tofu cat litter Certificate : BSCI,ISO9001 Size : 1.0mm 1.5mm 2.0mm 3.0mm Package : 2.5kg\/bag Density : 0.80 &#8211; 1.00g\/ml Fragrance : Nature,Peach,Charcoal,baby Powder,Apple,Lemon,Lavender,Rose,&#8230; MOQ : 1 ton Type [&hellip;]<\/p>","protected":false},"featured_media":335,"comment_status":"open","ping_status":"closed","template":"","meta":[],"product_cat":[25],"product_tag":[29,28,27],"class_list":{"0":"post-336","1":"product","2":"type-product","3":"status-publish","4":"has-post-thumbnail","6":"product_cat-striped-tofu-cat-litter","7":"product_tag-cat-litter","8":"product_tag-pet-cleaning-grooming-products","9":"product_tag-pet-products","11":"first","12":"instock","13":"shipping-taxable","14":"product-type-simple"},"_links":{"self":[{"href":"https:\/\/catlitter-manufacturer.com\/fr\/wp-json\/wp\/v2\/product\/336","targetHints":{"allow":["GET"]}}],"collection":[{"href":"https:\/\/catlitter-manufacturer.com\/fr\/wp-json\/wp\/v2\/product"}],"about":[{"href":"https:\/\/catlitter-manufacturer.com\/fr\/wp-json\/wp\/v2\/types\/product"}],"replies":[{"embeddable":true,"href":"https:\/\/catlitter-manufacturer.com\/fr\/wp-json\/wp\/v2\/comments?post=336"}],"wp:featuredmedia":[{"embeddable":true,"href":"https:\/\/catlitter-manufacturer.com\/fr\/wp-json\/wp\/v2\/media\/335"}],"wp:attachment":[{"href":"https:\/\/catlitter-manufacturer.com\/fr\/wp-json\/wp\/v2\/media?parent=336"}],"wp:term":[{"taxonomy":"product_cat","embeddable":true,"href":"https:\/\/catlitter-manufacturer.com\/fr\/wp-json\/wp\/v2\/product_cat?post=336"},{"taxonomy":"product_tag","embeddable":true,"href":"https:\/\/catlitter-manufacturer.com\/fr\/wp-json\/wp\/v2\/product_tag?post=336"}],"curies":[{"name":"wp","href":"https:\/\/api.w.org\/{rel}","templated":true}]}}