{"id":379,"date":"2024-04-15T07:00:42","date_gmt":"2024-04-15T07:00:42","guid":{"rendered":"https:\/\/catlitter-manufacturer.com\/product\/oem-odm-activated-carbon-zeolite-cat-litter-factory-clumping-clean-bulk-flushable-crushed-zeolite-mixed-cat-litter-tofu\/"},"modified":"2024-04-23T10:14:22","modified_gmt":"2024-04-23T10:14:22","slug":"oem-odm-activated-carbon-zeolite-cat-litter-factory-clumping-clean-bulk-flushable-crushed-zeolite-mixed-cat-litter-tofu","status":"publish","type":"product","link":"https:\/\/catlitter-manufacturer.com\/fr\/produit\/oem-odm-activated-carbon-zeolite-cat-litter-factory-clumping-clean-bulk-flushable-crushed-zeolite-mixed-cat-litter-tofu\/","title":{"rendered":"Liti\u00e8re pour chat en z\u00e9olite au charbon actif OEM\/ODM Liti\u00e8re pour chat agglom\u00e9rante, propre, en vrac, lavable \u00e0 la chasse d'eau, en z\u00e9olite broy\u00e9e, m\u00e9lang\u00e9e, Tofu"},"content":{"rendered":"<ul>\n<li><strong>Lieu d'origine : <\/strong> Hebei, Chine<\/li>\n<li><strong>Application : <\/strong> Chats<\/li>\n<li><strong>Couleur : <\/strong> Gray, Green Pink Purple Blue White Black Coffee<\/li>\n<li><strong>Type d'article : <\/strong> Liti\u00e8re pour chats<\/li>\n<li><strong>Nom du produit : <\/strong> liti\u00e8re de tofu m\u00e9lang\u00e9e \u00e0 de la z\u00e9olite<\/li>\n<li><strong>Certificat : <\/strong> BSCI, ISO9001<\/li>\n<li><strong>Taille : <\/strong> 1.0mm 1.5mm 2.0mm 3.0mm<\/li>\n<li><strong>Paquet : <\/strong> 2.5kg\/sac<\/li>\n<li><strong>Densit\u00e9 : <\/strong> 0,80 - 1,00g\/ml<\/li>\n<li><strong>Parfum : <\/strong> Nature, p\u00eache, charbon, poudre pour b\u00e9b\u00e9, pomme, citron, lavande, rose,...<\/li>\n<li><strong>MOQ : <\/strong> 1 tonne<\/li>\n<li><strong>Type : <\/strong> Bande<\/li>\n<li><strong>Caract\u00e9ristiques : <\/strong> Durable<\/li>\n<\/ul>","protected":false},"excerpt":{"rendered":"<p>Place of Origin : Hebei, China Application : Cats Color : Gray, Green Pink Purple Blue White Black Coffee Item Type : Cat Litter Product name : tofu mixed zeolite cat litter Certificate : BSCI,ISO9001 Size : 1.0mm 1.5mm 2.0mm 3.0mm Package : 2.5kg\/bag Density : 0.80 &#8211; 1.00g\/ml Fragrance : Nature,Peach,Charcoal,baby Powder,Apple,Lemon,Lavender,Rose,&#8230; MOQ : [&hellip;]<\/p>","protected":false},"featured_media":378,"comment_status":"open","ping_status":"closed","template":"","meta":[],"product_cat":[26],"product_tag":[29,28,27],"class_list":{"0":"post-379","1":"product","2":"type-product","3":"status-publish","4":"has-post-thumbnail","6":"product_cat-crushed-tofu-cat-litter","7":"product_tag-cat-litter","8":"product_tag-pet-cleaning-grooming-products","9":"product_tag-pet-products","11":"first","12":"instock","13":"shipping-taxable","14":"product-type-simple"},"_links":{"self":[{"href":"https:\/\/catlitter-manufacturer.com\/fr\/wp-json\/wp\/v2\/product\/379","targetHints":{"allow":["GET"]}}],"collection":[{"href":"https:\/\/catlitter-manufacturer.com\/fr\/wp-json\/wp\/v2\/product"}],"about":[{"href":"https:\/\/catlitter-manufacturer.com\/fr\/wp-json\/wp\/v2\/types\/product"}],"replies":[{"embeddable":true,"href":"https:\/\/catlitter-manufacturer.com\/fr\/wp-json\/wp\/v2\/comments?post=379"}],"wp:featuredmedia":[{"embeddable":true,"href":"https:\/\/catlitter-manufacturer.com\/fr\/wp-json\/wp\/v2\/media\/378"}],"wp:attachment":[{"href":"https:\/\/catlitter-manufacturer.com\/fr\/wp-json\/wp\/v2\/media?parent=379"}],"wp:term":[{"taxonomy":"product_cat","embeddable":true,"href":"https:\/\/catlitter-manufacturer.com\/fr\/wp-json\/wp\/v2\/product_cat?post=379"},{"taxonomy":"product_tag","embeddable":true,"href":"https:\/\/catlitter-manufacturer.com\/fr\/wp-json\/wp\/v2\/product_tag?post=379"}],"curies":[{"name":"wp","href":"https:\/\/api.w.org\/{rel}","templated":true}]}}