{"id":506,"date":"2024-04-15T07:26:51","date_gmt":"2024-04-15T07:26:51","guid":{"rendered":"https:\/\/catlitter-manufacturer.com\/product\/oem-odm-natural-cedar-easy-clean-wood-cat-litter\/"},"modified":"2024-04-23T10:12:15","modified_gmt":"2024-04-23T10:12:15","slug":"oem-odm-natural-cedar-easy-clean-wood-cat-litter","status":"publish","type":"product","link":"https:\/\/catlitter-manufacturer.com\/fr\/produit\/oem-odm-natural-cedar-easy-clean-wood-cat-litter\/","title":{"rendered":"OEM\/ODM liti\u00e8re pour chat en bois de c\u00e8dre naturel facile \u00e0 nettoyer"},"content":{"rendered":"<ul>\n<li><strong>Lieu d'origine : <\/strong> Hebei, Chine<\/li>\n<li><strong>Application : <\/strong> Chats<\/li>\n<li><strong>Type d'article : <\/strong> Liti\u00e8re pour chats<\/li>\n<li><strong>Nom du produit : <\/strong> liti\u00e8re pour chat en bois<\/li>\n<li><strong>Certificat : <\/strong> BSCI, ISO9001<\/li>\n<li><strong>Couleur : <\/strong> yellow<\/li>\n<li><strong>Taille : <\/strong> 3,0 6,0mm<\/li>\n<li><strong>Paquet : <\/strong> 10pcs\/ctn<\/li>\n<li><strong>Densit\u00e9 : <\/strong> 0,80 - 1,00g\/ml<\/li>\n<li><strong>MOQ : <\/strong> 1 tonne<\/li>\n<li><strong>Type : <\/strong> Bande<\/li>\n<li><strong>Caract\u00e9ristiques : <\/strong> Durable<\/li>\n<\/ul>","protected":false},"excerpt":{"rendered":"<p>Place of Origin : Hebei, China Application : Cats Item Type : Cat Litter Product name : wood cat litter Certificate : BSCI,ISO9001 Color : yellow Size : 3.0 6.0mm Package : 10pcs\/ctn Density : 0.80 &#8211; 1.00g\/ml MOQ : 1 ton Type : Strip Feature : Sustainable<\/p>","protected":false},"featured_media":505,"comment_status":"open","ping_status":"closed","template":"","meta":[],"product_cat":[21],"product_tag":[29,28,27],"class_list":{"0":"post-506","1":"product","2":"type-product","3":"status-publish","4":"has-post-thumbnail","6":"product_cat-pine-wood-cat-litter-wholesale","7":"product_tag-cat-litter","8":"product_tag-pet-cleaning-grooming-products","9":"product_tag-pet-products","11":"first","12":"instock","13":"shipping-taxable","14":"product-type-simple"},"_links":{"self":[{"href":"https:\/\/catlitter-manufacturer.com\/fr\/wp-json\/wp\/v2\/product\/506","targetHints":{"allow":["GET"]}}],"collection":[{"href":"https:\/\/catlitter-manufacturer.com\/fr\/wp-json\/wp\/v2\/product"}],"about":[{"href":"https:\/\/catlitter-manufacturer.com\/fr\/wp-json\/wp\/v2\/types\/product"}],"replies":[{"embeddable":true,"href":"https:\/\/catlitter-manufacturer.com\/fr\/wp-json\/wp\/v2\/comments?post=506"}],"wp:featuredmedia":[{"embeddable":true,"href":"https:\/\/catlitter-manufacturer.com\/fr\/wp-json\/wp\/v2\/media\/505"}],"wp:attachment":[{"href":"https:\/\/catlitter-manufacturer.com\/fr\/wp-json\/wp\/v2\/media?parent=506"}],"wp:term":[{"taxonomy":"product_cat","embeddable":true,"href":"https:\/\/catlitter-manufacturer.com\/fr\/wp-json\/wp\/v2\/product_cat?post=506"},{"taxonomy":"product_tag","embeddable":true,"href":"https:\/\/catlitter-manufacturer.com\/fr\/wp-json\/wp\/v2\/product_tag?post=506"}],"curies":[{"name":"wp","href":"https:\/\/api.w.org\/{rel}","templated":true}]}}