{"id":517,"date":"2024-04-15T15:40:47","date_gmt":"2024-04-15T15:40:47","guid":{"rendered":"https:\/\/catlitter-manufacturer.com\/product\/auto-cat-litter-box-self-cleaning-low-noise-safety-app-control-capacity-odor-control-smart-cat-litter-automatic-box\/"},"modified":"2024-04-23T10:12:09","modified_gmt":"2024-04-23T10:12:09","slug":"auto-cat-litter-box-self-cleaning-low-noise-safety-app-control-capacity-odor-control-smart-cat-litter-automatic-box","status":"publish","type":"product","link":"https:\/\/catlitter-manufacturer.com\/fr\/produit\/auto-cat-litter-box-self-cleaning-low-noise-safety-app-control-capacity-odor-control-smart-cat-litter-automatic-box\/","title":{"rendered":"Liti\u00e8re pour chat automatique autonettoyante \u00e0 faible bruit S\u00e9curit\u00e9 App Control Capacit\u00e9 Contr\u00f4le des odeurs Liti\u00e8re pour chat intelligente Bo\u00eete automatique"},"content":{"rendered":"<ul>\n<li><strong>Lieu d'origine : <\/strong> Chine<\/li>\n<li><strong>Type d'article : <\/strong> Bac \u00e0 liti\u00e8re pour chat<\/li>\n<li><strong>Mat\u00e9riau : <\/strong> PVC<\/li>\n<li><strong>Nom du produit : <\/strong> Automatic litter box<\/li>\n<li><strong>Product size : <\/strong> 38*52*50.5CM<\/li>\n<li><strong>Packaging material : <\/strong> carton<\/li>\n<li><strong>Packaging size : <\/strong> 52.5*58*54.3CM<\/li>\n<li><strong>Weight : <\/strong> 18kg<\/li>\n<\/ul>","protected":false},"excerpt":{"rendered":"<p>Place of Origin : China Item Type : Cat Litter Box Material : PVC Product Name : Automatic litter box Product size : 38*52*50.5CM Packaging material : carton Packaging size : 52.5*58*54.3CM Weight : 18kg<\/p>","protected":false},"featured_media":516,"comment_status":"open","ping_status":"closed","template":"","meta":[],"product_cat":[35],"product_tag":[42,28,27],"class_list":{"0":"post-517","1":"product","2":"type-product","3":"status-publish","4":"has-post-thumbnail","6":"product_cat-smart-cat-litter-box","7":"product_tag-cat-litter-box-accessories","8":"product_tag-pet-cleaning-grooming-products","9":"product_tag-pet-products","11":"first","12":"instock","13":"shipping-taxable","14":"product-type-simple"},"_links":{"self":[{"href":"https:\/\/catlitter-manufacturer.com\/fr\/wp-json\/wp\/v2\/product\/517","targetHints":{"allow":["GET"]}}],"collection":[{"href":"https:\/\/catlitter-manufacturer.com\/fr\/wp-json\/wp\/v2\/product"}],"about":[{"href":"https:\/\/catlitter-manufacturer.com\/fr\/wp-json\/wp\/v2\/types\/product"}],"replies":[{"embeddable":true,"href":"https:\/\/catlitter-manufacturer.com\/fr\/wp-json\/wp\/v2\/comments?post=517"}],"wp:featuredmedia":[{"embeddable":true,"href":"https:\/\/catlitter-manufacturer.com\/fr\/wp-json\/wp\/v2\/media\/516"}],"wp:attachment":[{"href":"https:\/\/catlitter-manufacturer.com\/fr\/wp-json\/wp\/v2\/media?parent=517"}],"wp:term":[{"taxonomy":"product_cat","embeddable":true,"href":"https:\/\/catlitter-manufacturer.com\/fr\/wp-json\/wp\/v2\/product_cat?post=517"},{"taxonomy":"product_tag","embeddable":true,"href":"https:\/\/catlitter-manufacturer.com\/fr\/wp-json\/wp\/v2\/product_tag?post=517"}],"curies":[{"name":"wp","href":"https:\/\/api.w.org\/{rel}","templated":true}]}}