{"id":747,"date":"2024-04-15T23:41:09","date_gmt":"2024-04-15T23:41:09","guid":{"rendered":"https:\/\/catlitter-manufacturer.com\/product\/portable-pet-transport-airline-cat-backpack-with-metal-door-and-air-permeable-straps-made-of-durable-plastic-travel-pet-air-box\/"},"modified":"2024-04-23T10:06:40","modified_gmt":"2024-04-23T10:06:40","slug":"portable-pet-transport-airline-cat-backpack-with-metal-door-and-air-permeable-straps-made-of-durable-plastic-travel-pet-air-box","status":"publish","type":"product","link":"https:\/\/catlitter-manufacturer.com\/fr\/produit\/portable-pet-transport-airline-cat-backpack-with-metal-door-and-air-permeable-straps-made-of-durable-plastic-travel-pet-air-box\/","title":{"rendered":"Sac \u00e0 dos de transport portable pour chats avec porte en m\u00e9tal et sangles perm\u00e9ables \u00e0 l'air en plastique durable Bo\u00eete \u00e0 air de voyage pour animaux"},"content":{"rendered":"<ul>\n<li><strong>Lieu d'origine : <\/strong> Chine<\/li>\n<li><strong>Caract\u00e9ristiques : <\/strong> Durable<\/li>\n<li><strong>Application : <\/strong> Petits animaux<\/li>\n<li><strong>Type d'article : <\/strong> \"Accessoires de voyage en voiture\"<\/li>\n<li><strong>Mat\u00e9riau : <\/strong> Plastique<\/li>\n<\/ul>","protected":false},"excerpt":{"rendered":"<p>Place of Origin : China Feature : Sustainable Application : Small Animals Item Type : &#8220;Car Travel Accessories &#8220; Material : Plastic<\/p>","protected":false},"featured_media":746,"comment_status":"open","ping_status":"closed","template":"","meta":[],"product_cat":[39,38],"product_tag":[44,27],"class_list":{"0":"post-747","1":"product","2":"type-product","3":"status-publish","4":"has-post-thumbnail","6":"product_cat-pet-bows","7":"product_cat-pet-travel-box","8":"product_tag-pet-carriers-travel-products","9":"product_tag-pet-products","11":"first","12":"instock","13":"shipping-taxable","14":"product-type-simple"},"_links":{"self":[{"href":"https:\/\/catlitter-manufacturer.com\/fr\/wp-json\/wp\/v2\/product\/747","targetHints":{"allow":["GET"]}}],"collection":[{"href":"https:\/\/catlitter-manufacturer.com\/fr\/wp-json\/wp\/v2\/product"}],"about":[{"href":"https:\/\/catlitter-manufacturer.com\/fr\/wp-json\/wp\/v2\/types\/product"}],"replies":[{"embeddable":true,"href":"https:\/\/catlitter-manufacturer.com\/fr\/wp-json\/wp\/v2\/comments?post=747"}],"wp:featuredmedia":[{"embeddable":true,"href":"https:\/\/catlitter-manufacturer.com\/fr\/wp-json\/wp\/v2\/media\/746"}],"wp:attachment":[{"href":"https:\/\/catlitter-manufacturer.com\/fr\/wp-json\/wp\/v2\/media?parent=747"}],"wp:term":[{"taxonomy":"product_cat","embeddable":true,"href":"https:\/\/catlitter-manufacturer.com\/fr\/wp-json\/wp\/v2\/product_cat?post=747"},{"taxonomy":"product_tag","embeddable":true,"href":"https:\/\/catlitter-manufacturer.com\/fr\/wp-json\/wp\/v2\/product_tag?post=747"}],"curies":[{"name":"wp","href":"https:\/\/api.w.org\/{rel}","templated":true}]}}