{"id":795,"date":"2024-04-15T23:41:36","date_gmt":"2024-04-15T23:41:36","guid":{"rendered":"https:\/\/catlitter-manufacturer.com\/product\/hot-sale-pet-carrier-breathable-plastic-for-small-animals-sustainable-feature-for-cat-dog-transport-portable-travel-air-box\/"},"modified":"2024-04-23T10:06:35","modified_gmt":"2024-04-23T10:06:35","slug":"hot-sale-pet-carrier-breathable-plastic-for-small-animals-sustainable-feature-for-cat-dog-transport-portable-travel-air-box","status":"publish","type":"product","link":"https:\/\/catlitter-manufacturer.com\/fr\/produit\/caisse-de-transport-pour-animaux-de-compagnie-en-plastique-respirant-pour-animaux-de-petite-taille-en-vente-hot-sale\/","title":{"rendered":"Vente \u00e0 chaud Porte-b\u00e9b\u00e9 en plastique respirant pour petits animaux Caract\u00e9ristiques durables pour le transport de chats et de chiens Bo\u00eete \u00e0 air de voyage portable"},"content":{"rendered":"<ul>\n<li><strong>Lieu d'origine : <\/strong> Chine<\/li>\n<li><strong>Caract\u00e9ristiques : <\/strong> Durable<\/li>\n<li><strong>Application : <\/strong> Petits animaux<\/li>\n<li><strong>Type d'article : <\/strong> \"Accessoires de voyage en voiture\"<\/li>\n<li><strong>Mat\u00e9riau : <\/strong> Plastique<\/li>\n<\/ul>","protected":false},"excerpt":{"rendered":"<p>Place of Origin : China Feature : Sustainable Application : Small Animals Item Type : &#8220;Car Travel Accessories &#8220; Material : Plastic<\/p>","protected":false},"featured_media":794,"comment_status":"open","ping_status":"closed","template":"","meta":[],"product_cat":[39],"product_tag":[44,27],"class_list":{"0":"post-795","1":"product","2":"type-product","3":"status-publish","4":"has-post-thumbnail","6":"product_cat-pet-bows","7":"product_tag-pet-carriers-travel-products","8":"product_tag-pet-products","10":"first","11":"instock","12":"shipping-taxable","13":"product-type-simple"},"_links":{"self":[{"href":"https:\/\/catlitter-manufacturer.com\/fr\/wp-json\/wp\/v2\/product\/795","targetHints":{"allow":["GET"]}}],"collection":[{"href":"https:\/\/catlitter-manufacturer.com\/fr\/wp-json\/wp\/v2\/product"}],"about":[{"href":"https:\/\/catlitter-manufacturer.com\/fr\/wp-json\/wp\/v2\/types\/product"}],"replies":[{"embeddable":true,"href":"https:\/\/catlitter-manufacturer.com\/fr\/wp-json\/wp\/v2\/comments?post=795"}],"wp:featuredmedia":[{"embeddable":true,"href":"https:\/\/catlitter-manufacturer.com\/fr\/wp-json\/wp\/v2\/media\/794"}],"wp:attachment":[{"href":"https:\/\/catlitter-manufacturer.com\/fr\/wp-json\/wp\/v2\/media?parent=795"}],"wp:term":[{"taxonomy":"product_cat","embeddable":true,"href":"https:\/\/catlitter-manufacturer.com\/fr\/wp-json\/wp\/v2\/product_cat?post=795"},{"taxonomy":"product_tag","embeddable":true,"href":"https:\/\/catlitter-manufacturer.com\/fr\/wp-json\/wp\/v2\/product_tag?post=795"}],"curies":[{"name":"wp","href":"https:\/\/api.w.org\/{rel}","templated":true}]}}