{"id":1013,"date":"2024-04-15T23:49:33","date_gmt":"2024-04-15T23:49:33","guid":{"rendered":"https:\/\/catlitter-manufacturer.com\/product\/wholesale-pet-feeder-bowls-oem-oval-color-printing-spot-cross-border-double-pet-dog-cat-bowls\/"},"modified":"2024-04-23T10:04:50","modified_gmt":"2024-04-23T10:04:50","slug":"wholesale-pet-feeder-bowls-oem-oval-color-printing-spot-cross-border-double-pet-dog-cat-bowls","status":"publish","type":"product","link":"https:\/\/catlitter-manufacturer.com\/pt\/produto\/wholesale-pet-feeder-bowls-oem-oval-color-printing-spot-cross-border-double-pet-dog-cat-bowls\/","title":{"rendered":"Atacado de comedouros para animais de estima\u00e7\u00e3o Tigelas para c\u00e3es e gatos OEM Oval Color Printing Spot Cross-Border Double Pet Dog Cat Bowls"},"content":{"rendered":"<ul>\n<li><strong>Tipo : <\/strong> Pet Bowls &amp; Feeders<\/li>\n<li><strong>Tipo de item : <\/strong> Water Bottles<\/li>\n<li><strong>Time Setting : <\/strong> NO<\/li>\n<li><strong>LCD Display : <\/strong> NO<\/li>\n<li><strong>Forma : <\/strong> Rounded<\/li>\n<li><strong>Material : <\/strong> Copper;Plastic<\/li>\n<li><strong>Voltage : <\/strong> Not Applicable<\/li>\n<li><strong>Bowl &amp; Feeder Type : <\/strong> Bowls, Cups &amp; Pails<\/li>\n<li><strong>Aplica\u00e7\u00e3o : <\/strong> Small Animals<\/li>\n<li><strong>Recurso : <\/strong> Automatic, Non-automatic, Stocked, Stocked<\/li>\n<li><strong>Local de origem : <\/strong> Hebei, China<\/li>\n<li><strong>Brand Name : <\/strong> OEM\/ODM<\/li>\n<li><strong>Nome do produto : <\/strong> Dog Food Bowl<\/li>\n<li><strong>Uso : <\/strong> Pet Feeding Food<\/li>\n<li><strong>Suitable for : <\/strong> Dogs Cats Small Animals<\/li>\n<\/ul>","protected":false},"excerpt":{"rendered":"<p>Type : Pet Bowls &amp; Feeders Item Type : Water Bottles Time Setting : NO LCD Display : NO Shape : Rounded Material : Copper;Plastic Voltage : Not Applicable Bowl &amp; Feeder Type : Bowls, Cups &amp; Pails Application : Small Animals Feature : Automatic, Non-automatic, Stocked, Stocked Place of Origin : Hebei, China Brand [&hellip;]<\/p>","protected":false},"featured_media":1012,"comment_status":"open","ping_status":"closed","template":"","meta":[],"product_cat":[39],"product_tag":[43,27],"class_list":{"0":"post-1013","1":"product","2":"type-product","3":"status-publish","4":"has-post-thumbnail","6":"product_cat-pet-bows","7":"product_tag-pet-bowls-feeders","8":"product_tag-pet-products","10":"first","11":"instock","12":"shipping-taxable","13":"product-type-simple"},"_links":{"self":[{"href":"https:\/\/catlitter-manufacturer.com\/pt\/wp-json\/wp\/v2\/product\/1013","targetHints":{"allow":["GET"]}}],"collection":[{"href":"https:\/\/catlitter-manufacturer.com\/pt\/wp-json\/wp\/v2\/product"}],"about":[{"href":"https:\/\/catlitter-manufacturer.com\/pt\/wp-json\/wp\/v2\/types\/product"}],"replies":[{"embeddable":true,"href":"https:\/\/catlitter-manufacturer.com\/pt\/wp-json\/wp\/v2\/comments?post=1013"}],"wp:featuredmedia":[{"embeddable":true,"href":"https:\/\/catlitter-manufacturer.com\/pt\/wp-json\/wp\/v2\/media\/1012"}],"wp:attachment":[{"href":"https:\/\/catlitter-manufacturer.com\/pt\/wp-json\/wp\/v2\/media?parent=1013"}],"wp:term":[{"taxonomy":"product_cat","embeddable":true,"href":"https:\/\/catlitter-manufacturer.com\/pt\/wp-json\/wp\/v2\/product_cat?post=1013"},{"taxonomy":"product_tag","embeddable":true,"href":"https:\/\/catlitter-manufacturer.com\/pt\/wp-json\/wp\/v2\/product_tag?post=1013"}],"curies":[{"name":"wp","href":"https:\/\/api.w.org\/{rel}","templated":true}]}}