{"id":1030,"date":"2024-04-15T23:52:17","date_gmt":"2024-04-15T23:52:17","guid":{"rendered":"https:\/\/catlitter-manufacturer.com\/product\/wood-flannelette-large-multicolor-cat-scratcher-tree-house-furniture-kittens-activity-gary-cat-tree-house\/"},"modified":"2024-04-23T10:04:40","modified_gmt":"2024-04-23T10:04:40","slug":"wood-flannelette-large-multicolor-cat-scratcher-tree-house-furniture-kittens-activity-gary-cat-tree-house","status":"publish","type":"product","link":"https:\/\/catlitter-manufacturer.com\/pt\/produto\/wood-flannelette-large-multicolor-cat-scratcher-tree-house-furniture-kittens-activity-gary-cat-tree-house\/","title":{"rendered":"Flanela de madeira Grande Multicolorido Arranhador para Gatos Casa na \u00c1rvore M\u00f3veis Gatinhos Atividade Gary Casa na \u00c1rvore para Gatos"},"content":{"rendered":"<ul>\n<li><strong>Local de origem : <\/strong> China<\/li>\n<li><strong>Model Number : <\/strong> PJ-012<\/li>\n<li><strong>Recurso : <\/strong> Sustent\u00e1vel<\/li>\n<li><strong>Aplica\u00e7\u00e3o : <\/strong> Gatos<\/li>\n<li><strong>Material : <\/strong> Wood, Plush fabrics,nature sisal rope.press wood<\/li>\n<li><strong>Product Name : <\/strong> Cat Tree Tower<\/li>\n<li><strong>Cor : <\/strong> various<\/li>\n<li><strong>Rope Material : <\/strong> Sisal, Catnip Treated or Customized<\/li>\n<li><strong>Rope Diameter : <\/strong> 7cm or Customized<\/li>\n<li><strong>Sample : <\/strong> Available<\/li>\n<li><strong>Logo : <\/strong> Customed Logo<\/li>\n<li><strong>OEM\/ODM : <\/strong> Accpeted<\/li>\n<li><strong>Tipo : <\/strong> Brinquedos para animais de estima\u00e7\u00e3o<\/li>\n<\/ul>","protected":false},"excerpt":{"rendered":"<p>Place of Origin : China Model Number : PJ-012 Feature : Sustainable Application : Cats Material : Wood, Plush fabrics,nature sisal rope.press wood Product Name : Cat Tree Tower Color : various Rope Material : Sisal, Catnip Treated or Customized Rope Diameter : 7cm or Customized Sample : Available Logo : Customed Logo OEM\/ODM : [&hellip;]<\/p>","protected":false},"featured_media":1028,"comment_status":"open","ping_status":"closed","template":"","meta":[],"product_cat":[40],"product_tag":[47,27,45],"class_list":{"0":"post-1030","1":"product","2":"type-product","3":"status-publish","4":"has-post-thumbnail","6":"product_cat-pet-toys","7":"product_tag-cat-trees-scratcher","8":"product_tag-pet-products","9":"product_tag-pet-toys","11":"first","12":"instock","13":"shipping-taxable","14":"product-type-simple"},"_links":{"self":[{"href":"https:\/\/catlitter-manufacturer.com\/pt\/wp-json\/wp\/v2\/product\/1030","targetHints":{"allow":["GET"]}}],"collection":[{"href":"https:\/\/catlitter-manufacturer.com\/pt\/wp-json\/wp\/v2\/product"}],"about":[{"href":"https:\/\/catlitter-manufacturer.com\/pt\/wp-json\/wp\/v2\/types\/product"}],"replies":[{"embeddable":true,"href":"https:\/\/catlitter-manufacturer.com\/pt\/wp-json\/wp\/v2\/comments?post=1030"}],"wp:featuredmedia":[{"embeddable":true,"href":"https:\/\/catlitter-manufacturer.com\/pt\/wp-json\/wp\/v2\/media\/1028"}],"wp:attachment":[{"href":"https:\/\/catlitter-manufacturer.com\/pt\/wp-json\/wp\/v2\/media?parent=1030"}],"wp:term":[{"taxonomy":"product_cat","embeddable":true,"href":"https:\/\/catlitter-manufacturer.com\/pt\/wp-json\/wp\/v2\/product_cat?post=1030"},{"taxonomy":"product_tag","embeddable":true,"href":"https:\/\/catlitter-manufacturer.com\/pt\/wp-json\/wp\/v2\/product_tag?post=1030"}],"curies":[{"name":"wp","href":"https:\/\/api.w.org\/{rel}","templated":true}]}}