{"id":1106,"date":"2024-04-15T23:55:47","date_gmt":"2024-04-15T23:55:47","guid":{"rendered":"https:\/\/catlitter-manufacturer.com\/product\/350ml-pet-feeding-cups-oem-food-grade-dispenser-clear-automatic-pet-dog-water-dispenser\/"},"modified":"2024-04-23T10:02:39","modified_gmt":"2024-04-23T10:02:39","slug":"350ml-pet-feeding-cups-oem-food-grade-dispenser-clear-automatic-pet-dog-water-dispenser","status":"publish","type":"product","link":"https:\/\/catlitter-manufacturer.com\/pt\/produto\/350ml-pet-feeding-cups-oem-food-grade-dispenser-clear-automatic-pet-dog-water-dispenser\/","title":{"rendered":"Copos de alimenta\u00e7\u00e3o para animais de estima\u00e7\u00e3o de 350 ml Dispensador de grau aliment\u00edcio OEM transparente Dispensador autom\u00e1tico de \u00e1gua para c\u00e3es e gatos"},"content":{"rendered":"<ul>\n<li><strong>Tipo : <\/strong> Pet Bowls &amp; Feeders<\/li>\n<li><strong>Tipo de item : <\/strong> Water Bottles<\/li>\n<li><strong>Time Setting : <\/strong> NO<\/li>\n<li><strong>LCD Display : <\/strong> NO<\/li>\n<li><strong>Forma : <\/strong> Rounded<\/li>\n<li><strong>Material : <\/strong> Copper;Plastic<\/li>\n<li><strong>Bowl &amp; Feeder Type : <\/strong> Automatic Feeders &amp; Waterers<\/li>\n<li><strong>Aplica\u00e7\u00e3o : <\/strong> Small Animals<\/li>\n<li><strong>Recurso : <\/strong> Non-automatic, Stocked<\/li>\n<li><strong>Local de origem : <\/strong> Hebei, China<\/li>\n<li><strong>Brand Name : <\/strong> OEM\/ODM<\/li>\n<li><strong>Eco-Friendly : <\/strong> YES<\/li>\n<li><strong>Safety : <\/strong> Yes<\/li>\n<li><strong>Cor : <\/strong> Blue<\/li>\n<\/ul>","protected":false},"excerpt":{"rendered":"<p>Type : Pet Bowls &amp; Feeders Item Type : Water Bottles Time Setting : NO LCD Display : NO Shape : Rounded Material : Copper;Plastic Bowl &amp; Feeder Type : Automatic Feeders &amp; Waterers Application : Small Animals Feature : Non-automatic, Stocked Place of Origin : Hebei, China Brand Name : OEM\/ODM Eco-Friendly : YES [&hellip;]<\/p>","protected":false},"featured_media":1105,"comment_status":"open","ping_status":"closed","template":"","meta":[],"product_cat":[41],"product_tag":[43,27],"class_list":{"0":"post-1106","1":"product","2":"type-product","3":"status-publish","4":"has-post-thumbnail","6":"product_cat-other-accessories","7":"product_tag-pet-bowls-feeders","8":"product_tag-pet-products","10":"first","11":"instock","12":"shipping-taxable","13":"product-type-simple"},"_links":{"self":[{"href":"https:\/\/catlitter-manufacturer.com\/pt\/wp-json\/wp\/v2\/product\/1106","targetHints":{"allow":["GET"]}}],"collection":[{"href":"https:\/\/catlitter-manufacturer.com\/pt\/wp-json\/wp\/v2\/product"}],"about":[{"href":"https:\/\/catlitter-manufacturer.com\/pt\/wp-json\/wp\/v2\/types\/product"}],"replies":[{"embeddable":true,"href":"https:\/\/catlitter-manufacturer.com\/pt\/wp-json\/wp\/v2\/comments?post=1106"}],"wp:featuredmedia":[{"embeddable":true,"href":"https:\/\/catlitter-manufacturer.com\/pt\/wp-json\/wp\/v2\/media\/1105"}],"wp:attachment":[{"href":"https:\/\/catlitter-manufacturer.com\/pt\/wp-json\/wp\/v2\/media?parent=1106"}],"wp:term":[{"taxonomy":"product_cat","embeddable":true,"href":"https:\/\/catlitter-manufacturer.com\/pt\/wp-json\/wp\/v2\/product_cat?post=1106"},{"taxonomy":"product_tag","embeddable":true,"href":"https:\/\/catlitter-manufacturer.com\/pt\/wp-json\/wp\/v2\/product_tag?post=1106"}],"curies":[{"name":"wp","href":"https:\/\/api.w.org\/{rel}","templated":true}]}}