{"id":1118,"date":"2024-04-15T23:56:12","date_gmt":"2024-04-15T23:56:12","guid":{"rendered":"https:\/\/catlitter-manufacturer.com\/product\/new-cat-litter-partner-can-mix-all-kinds-of-cat-litter-sober-air-deodorization-beads\/"},"modified":"2024-04-23T10:02:33","modified_gmt":"2024-04-23T10:02:33","slug":"new-cat-litter-partner-can-mix-all-kinds-of-cat-litter-sober-air-deodorization-beads","status":"publish","type":"product","link":"https:\/\/catlitter-manufacturer.com\/pt\/produto\/o-novo-parceiro-de-areia-para-gatos-pode-misturar-todos-os-tipos-de-areia-para-gatos-com-esferas-de-desodorizacao-do-ar-sobrias\/","title":{"rendered":"O novo parceiro de areia para gatos pode misturar todos os tipos de areia para gatos com esferas s\u00f3brias para desodoriza\u00e7\u00e3o do ar"},"content":{"rendered":"<ul>\n<li><strong>Local de origem : <\/strong> Hebei, China<\/li>\n<li><strong>Aplica\u00e7\u00e3o : <\/strong> Gatos<\/li>\n<li><strong>Tipo de item : <\/strong> Gr\u00e2nulos para desodoriza\u00e7\u00e3o da cama de gato<\/li>\n<li><strong>Nome do produto : <\/strong> gr\u00e2nulos de desodorante<\/li>\n<li><strong>Cor : <\/strong> Azul rosa cinza verde<\/li>\n<li><strong>Tamanho : <\/strong> 450g<\/li>\n<li><strong>OEM\/ODM : <\/strong> Dispon\u00edvel<\/li>\n<li><strong>Embalagem : <\/strong> Caixa de papel\u00e3o 450g*24cups<\/li>\n<li><strong>Prazo de validade : <\/strong> 36 meses<\/li>\n<li><strong>Recurso : <\/strong> Sustent\u00e1vel<\/li>\n<\/ul>","protected":false},"excerpt":{"rendered":"<p>Local de origem : Hebei, China Aplica\u00e7\u00e3o : Gatos Tipo de item : Gr\u00e2nulos de desodoriza\u00e7\u00e3o da cama de gato Nome do produto: Gr\u00e2nulos de desodorante Cor: Azul rosa cinza verde Tamanho: 450g OEM\/ODM: Dispon\u00edvel Embalagem: Caixa de papel\u00e3o 450g*24cups Prazo de validade: 36 meses Caracter\u00edstica: Sustent\u00e1vel<\/p>","protected":false},"featured_media":1117,"comment_status":"open","ping_status":"closed","template":"","meta":[],"product_cat":[41],"product_tag":[29,28,27],"class_list":{"0":"post-1118","1":"product","2":"type-product","3":"status-publish","4":"has-post-thumbnail","6":"product_cat-other-accessories","7":"product_tag-cat-litter","8":"product_tag-pet-cleaning-grooming-products","9":"product_tag-pet-products","11":"first","12":"instock","13":"shipping-taxable","14":"product-type-simple"},"_links":{"self":[{"href":"https:\/\/catlitter-manufacturer.com\/pt\/wp-json\/wp\/v2\/product\/1118","targetHints":{"allow":["GET"]}}],"collection":[{"href":"https:\/\/catlitter-manufacturer.com\/pt\/wp-json\/wp\/v2\/product"}],"about":[{"href":"https:\/\/catlitter-manufacturer.com\/pt\/wp-json\/wp\/v2\/types\/product"}],"replies":[{"embeddable":true,"href":"https:\/\/catlitter-manufacturer.com\/pt\/wp-json\/wp\/v2\/comments?post=1118"}],"wp:featuredmedia":[{"embeddable":true,"href":"https:\/\/catlitter-manufacturer.com\/pt\/wp-json\/wp\/v2\/media\/1117"}],"wp:attachment":[{"href":"https:\/\/catlitter-manufacturer.com\/pt\/wp-json\/wp\/v2\/media?parent=1118"}],"wp:term":[{"taxonomy":"product_cat","embeddable":true,"href":"https:\/\/catlitter-manufacturer.com\/pt\/wp-json\/wp\/v2\/product_cat?post=1118"},{"taxonomy":"product_tag","embeddable":true,"href":"https:\/\/catlitter-manufacturer.com\/pt\/wp-json\/wp\/v2\/product_tag?post=1118"}],"curies":[{"name":"wp","href":"https:\/\/api.w.org\/{rel}","templated":true}]}}