{"id":1144,"date":"2024-04-15T23:57:26","date_gmt":"2024-04-15T23:57:26","guid":{"rendered":"https:\/\/catlitter-manufacturer.com\/product\/teaser-stick-cat-toy-feather-wand-playing-plush-ball-plush-star-cat-toys-silver-stick-with-beaded-feather-cat-tickling-stick\/"},"modified":"2024-04-23T10:02:08","modified_gmt":"2024-04-23T10:02:08","slug":"teaser-stick-cat-toy-feather-wand-playing-plush-ball-plush-star-cat-toys-silver-stick-with-beaded-feather-cat-tickling-stick","status":"publish","type":"product","link":"https:\/\/catlitter-manufacturer.com\/pt\/produto\/teaser-stick-cat-toy-feather-wand-playing-plush-ball-plush-star-cat-toys-silver-stick-with-beaded-feather-cat-tickling-stick\/","title":{"rendered":"Bast\u00e3o de provoca\u00e7\u00e3o brinquedo de gato varinha de pena brincando Bola de pel\u00facia brinquedos de gato estrela de pel\u00facia Bast\u00e3o de prata com pena de contas bast\u00e3o de provoca\u00e7\u00e3o de gato"},"content":{"rendered":"<ul>\n<li><strong>Local de origem : <\/strong> China<\/li>\n<li><strong>Aplica\u00e7\u00e3o : <\/strong> Cats, Cats<\/li>\n<li><strong>Material : <\/strong> Feather, Plastic, Feather, Plastic<\/li>\n<li><strong>Recurso : <\/strong> Sustent\u00e1vel<\/li>\n<li><strong>Product Name : <\/strong> cat stick<\/li>\n<li><strong>Cor : <\/strong> Multicolor<\/li>\n<li><strong>Logo : <\/strong> Oem LOGO<\/li>\n<li><strong>OEM\/ODM : <\/strong> Accpeted<\/li>\n<\/ul>","protected":false},"excerpt":{"rendered":"<p>Place of Origin : China Application : Cats, Cats Material : Feather, Plastic, Feather, Plastic Feature : Sustainable Product Name : cat stick Color : Multicolor Logo : Oem LOGO OEM\/ODM : Accpeted<\/p>","protected":false},"featured_media":1143,"comment_status":"open","ping_status":"closed","template":"","meta":[],"product_cat":[41],"product_tag":[48,27,45],"class_list":{"0":"post-1144","1":"product","2":"type-product","3":"status-publish","4":"has-post-thumbnail","6":"product_cat-other-accessories","7":"product_tag-pet-interactive-movement-toys","8":"product_tag-pet-products","9":"product_tag-pet-toys","11":"first","12":"instock","13":"shipping-taxable","14":"product-type-simple"},"_links":{"self":[{"href":"https:\/\/catlitter-manufacturer.com\/pt\/wp-json\/wp\/v2\/product\/1144","targetHints":{"allow":["GET"]}}],"collection":[{"href":"https:\/\/catlitter-manufacturer.com\/pt\/wp-json\/wp\/v2\/product"}],"about":[{"href":"https:\/\/catlitter-manufacturer.com\/pt\/wp-json\/wp\/v2\/types\/product"}],"replies":[{"embeddable":true,"href":"https:\/\/catlitter-manufacturer.com\/pt\/wp-json\/wp\/v2\/comments?post=1144"}],"wp:featuredmedia":[{"embeddable":true,"href":"https:\/\/catlitter-manufacturer.com\/pt\/wp-json\/wp\/v2\/media\/1143"}],"wp:attachment":[{"href":"https:\/\/catlitter-manufacturer.com\/pt\/wp-json\/wp\/v2\/media?parent=1144"}],"wp:term":[{"taxonomy":"product_cat","embeddable":true,"href":"https:\/\/catlitter-manufacturer.com\/pt\/wp-json\/wp\/v2\/product_cat?post=1144"},{"taxonomy":"product_tag","embeddable":true,"href":"https:\/\/catlitter-manufacturer.com\/pt\/wp-json\/wp\/v2\/product_tag?post=1144"}],"curies":[{"name":"wp","href":"https:\/\/api.w.org\/{rel}","templated":true}]}}