{"id":272,"date":"2024-04-15T06:42:09","date_gmt":"2024-04-15T06:42:09","guid":{"rendered":"https:\/\/catlitter-manufacturer.com\/product\/bsci-cat-litter-factory-oem-odm-strong-clumping-clean-deodorization-bulk-zeolite-tofu-cat-litter\/"},"modified":"2024-04-23T10:18:12","modified_gmt":"2024-04-23T10:18:12","slug":"bsci-cat-litter-factory-oem-odm-strong-clumping-clean-deodorization-bulk-zeolite-tofu-cat-litter","status":"publish","type":"product","link":"https:\/\/catlitter-manufacturer.com\/pt\/produto\/bsci-cat-litter-factory-oem-odm-strong-clumping-clean-deodorization-bulk-zeolite-tofu-cat-litter\/","title":{"rendered":"Ninhada para gatos da BSCI F\u00e1brica OEM\/ODM Forte aglutinante Limpa Desodoriza\u00e7\u00e3o Ninhada para gatos de tofu de ze\u00f3lita a granel"},"content":{"rendered":"<ul>\n<li><strong>Local de origem : <\/strong> Hebei, China<\/li>\n<li><strong>Aplica\u00e7\u00e3o : <\/strong> Gatos<\/li>\n<li><strong>Cor : <\/strong> Blue, Green Pink Purple Blue White Black Coffee<\/li>\n<li><strong>Tipo de item : <\/strong> Areia para gatos<\/li>\n<li><strong>Nome do produto : <\/strong> areia para gatos com ze\u00f3lita mista de tofu<\/li>\n<li><strong>Certificado : <\/strong> BSCI, ISO9001<\/li>\n<li><strong>Tamanho : <\/strong> 1,0 mm 1,5 mm 2,0 mm 3,0 mm<\/li>\n<li><strong>Pacote : <\/strong> 2,5 kg\/saco<\/li>\n<li><strong>Densidade : <\/strong> 0,80 - 1,00g\/ml<\/li>\n<li><strong>Fragr\u00e2ncia : <\/strong> Natureza, P\u00eassego, Carv\u00e3o vegetal, P\u00f3 de beb\u00ea, Ma\u00e7\u00e3, Lim\u00e3o, Lavanda, Rosa,...<\/li>\n<li><strong>MOQ : <\/strong> 1 tonelada<\/li>\n<li><strong>Tipo : <\/strong> Faixa<\/li>\n<li><strong>Recurso : <\/strong> Sustent\u00e1vel<\/li>\n<\/ul>","protected":false},"excerpt":{"rendered":"<p>Place of Origin : Hebei, China Application : Cats Color : Blue, Green Pink Purple Blue White Black Coffee Item Type : Cat Litter Product name : tofu mixed zeolite cat litter Certificate : BSCI,ISO9001 Size : 1.0mm 1.5mm 2.0mm 3.0mm Package : 2.5kg\/bag Density : 0.80 &#8211; 1.00g\/ml Fragrance : Nature,Peach,Charcoal,baby Powder,Apple,Lemon,Lavender,Rose,&#8230; MOQ : [&hellip;]<\/p>","protected":false},"featured_media":271,"comment_status":"open","ping_status":"closed","template":"","meta":[],"product_cat":[25],"product_tag":[29,28,27],"class_list":{"0":"post-272","1":"product","2":"type-product","3":"status-publish","4":"has-post-thumbnail","6":"product_cat-striped-tofu-cat-litter","7":"product_tag-cat-litter","8":"product_tag-pet-cleaning-grooming-products","9":"product_tag-pet-products","11":"first","12":"instock","13":"shipping-taxable","14":"product-type-simple"},"_links":{"self":[{"href":"https:\/\/catlitter-manufacturer.com\/pt\/wp-json\/wp\/v2\/product\/272","targetHints":{"allow":["GET"]}}],"collection":[{"href":"https:\/\/catlitter-manufacturer.com\/pt\/wp-json\/wp\/v2\/product"}],"about":[{"href":"https:\/\/catlitter-manufacturer.com\/pt\/wp-json\/wp\/v2\/types\/product"}],"replies":[{"embeddable":true,"href":"https:\/\/catlitter-manufacturer.com\/pt\/wp-json\/wp\/v2\/comments?post=272"}],"wp:featuredmedia":[{"embeddable":true,"href":"https:\/\/catlitter-manufacturer.com\/pt\/wp-json\/wp\/v2\/media\/271"}],"wp:attachment":[{"href":"https:\/\/catlitter-manufacturer.com\/pt\/wp-json\/wp\/v2\/media?parent=272"}],"wp:term":[{"taxonomy":"product_cat","embeddable":true,"href":"https:\/\/catlitter-manufacturer.com\/pt\/wp-json\/wp\/v2\/product_cat?post=272"},{"taxonomy":"product_tag","embeddable":true,"href":"https:\/\/catlitter-manufacturer.com\/pt\/wp-json\/wp\/v2\/product_tag?post=272"}],"curies":[{"name":"wp","href":"https:\/\/api.w.org\/{rel}","templated":true}]}}