{"id":567,"date":"2024-04-15T23:28:18","date_gmt":"2024-04-15T23:28:18","guid":{"rendered":"https:\/\/catlitter-manufacturer.com\/product\/pet-smart-pet-water-fountain-electric-automatic-water-feeder\/"},"modified":"2024-04-23T10:11:00","modified_gmt":"2024-04-23T10:11:00","slug":"pet-smart-pet-water-fountain-electric-automatic-water-feeder","status":"publish","type":"product","link":"https:\/\/catlitter-manufacturer.com\/pt\/produto\/pet-smart-pet-water-fountain-electric-automatic-water-feeder\/","title":{"rendered":"Pet Smart Pet Water Fountain Alimentador el\u00e9trico autom\u00e1tico de \u00e1gua"},"content":{"rendered":"<ul>\n<li><strong>Tipo : <\/strong> Pet Bowls &amp; Feeders<\/li>\n<li><strong>Tipo de item : <\/strong> Water Bottles<\/li>\n<li><strong>Time Setting : <\/strong> NO<\/li>\n<li><strong>LCD Display : <\/strong> NO<\/li>\n<li><strong>Forma : <\/strong> Rounded<\/li>\n<li><strong>Material : <\/strong> Plastic<\/li>\n<li><strong>Voltage : <\/strong> 110-240V<\/li>\n<li><strong>Bowl &amp; Feeder Type : <\/strong> Bowls, Cups &amp; Pails<\/li>\n<li><strong>Aplica\u00e7\u00e3o : <\/strong> Small Animals, Dogs Pets Cats<\/li>\n<li><strong>Recurso : <\/strong> Automatic, Sustainable, Stocked<\/li>\n<li><strong>Local de origem : <\/strong> China<\/li>\n<li><strong>Nome do produto : <\/strong> Pet water feeder<\/li>\n<li><strong>Tamanho : <\/strong> 20.5*20.5*18.3MM<\/li>\n<li><strong>Uso : <\/strong> Pet Drinking Water Fountain<\/li>\n<li><strong>MOQ : <\/strong> 12pcs<\/li>\n<li><strong>Peso : <\/strong> 900g<\/li>\n<\/ul>","protected":false},"excerpt":{"rendered":"<p>Type : Pet Bowls &amp; Feeders Item Type : Water Bottles Time Setting : NO LCD Display : NO Shape : Rounded Material : Plastic Voltage : 110-240V Bowl &amp; Feeder Type : Bowls, Cups &amp; Pails Application : Small Animals, Dogs Pets Cats Feature : Automatic, Sustainable, Stocked Place of Origin : China Product [&hellip;]<\/p>","protected":false},"featured_media":566,"comment_status":"open","ping_status":"closed","template":"","meta":[],"product_cat":[36],"product_tag":[43,27],"class_list":{"0":"post-567","1":"product","2":"type-product","3":"status-publish","4":"has-post-thumbnail","6":"product_cat-smart-feeders","7":"product_tag-pet-bowls-feeders","8":"product_tag-pet-products","10":"first","11":"instock","12":"shipping-taxable","13":"product-type-simple"},"_links":{"self":[{"href":"https:\/\/catlitter-manufacturer.com\/pt\/wp-json\/wp\/v2\/product\/567","targetHints":{"allow":["GET"]}}],"collection":[{"href":"https:\/\/catlitter-manufacturer.com\/pt\/wp-json\/wp\/v2\/product"}],"about":[{"href":"https:\/\/catlitter-manufacturer.com\/pt\/wp-json\/wp\/v2\/types\/product"}],"replies":[{"embeddable":true,"href":"https:\/\/catlitter-manufacturer.com\/pt\/wp-json\/wp\/v2\/comments?post=567"}],"wp:featuredmedia":[{"embeddable":true,"href":"https:\/\/catlitter-manufacturer.com\/pt\/wp-json\/wp\/v2\/media\/566"}],"wp:attachment":[{"href":"https:\/\/catlitter-manufacturer.com\/pt\/wp-json\/wp\/v2\/media?parent=567"}],"wp:term":[{"taxonomy":"product_cat","embeddable":true,"href":"https:\/\/catlitter-manufacturer.com\/pt\/wp-json\/wp\/v2\/product_cat?post=567"},{"taxonomy":"product_tag","embeddable":true,"href":"https:\/\/catlitter-manufacturer.com\/pt\/wp-json\/wp\/v2\/product_tag?post=567"}],"curies":[{"name":"wp","href":"https:\/\/api.w.org\/{rel}","templated":true}]}}