{"id":675,"date":"2024-04-15T23:33:27","date_gmt":"2024-04-15T23:33:27","guid":{"rendered":"https:\/\/catlitter-manufacturer.com\/product\/pet-food-bowl-oem-non-slip-stainless-steel-cover-plastic-floor-type-stainless-steel-double-layer-pet-bowl\/"},"modified":"2024-04-23T10:08:38","modified_gmt":"2024-04-23T10:08:38","slug":"pet-food-bowl-oem-non-slip-stainless-steel-cover-plastic-floor-type-stainless-steel-double-layer-pet-bowl","status":"publish","type":"product","link":"https:\/\/catlitter-manufacturer.com\/pt\/produto\/pet-food-bowl-oem-non-slip-stainless-steel-cover-plastic-floor-type-stainless-steel-double-layer-pet-bowl\/","title":{"rendered":"Tigela de ra\u00e7\u00e3o para animais de estima\u00e7\u00e3o OEM tampa de a\u00e7o inoxid\u00e1vel antiderrapante piso de pl\u00e1stico tipo tigela de a\u00e7o inoxid\u00e1vel de camada dupla para animais de estima\u00e7\u00e3o"},"content":{"rendered":"<ul>\n<li><strong>Tipo : <\/strong> Pet Bowls &amp; Feeders<\/li>\n<li><strong>Tipo de item : <\/strong> Water Bottles<\/li>\n<li><strong>Time Setting : <\/strong> NO<\/li>\n<li><strong>LCD Display : <\/strong> NO<\/li>\n<li><strong>Forma : <\/strong> Rounded<\/li>\n<li><strong>Material : <\/strong> Copper;Plastic, Stainless Steel Material<\/li>\n<li><strong>Voltage : <\/strong> Not Applicable<\/li>\n<li><strong>Bowl &amp; Feeder Type : <\/strong> Bowls, Cups &amp; Pails<\/li>\n<li><strong>Aplica\u00e7\u00e3o : <\/strong> Small Animals<\/li>\n<li><strong>Recurso : <\/strong> Automatic, Non-automatic, Stocked, Stocked<\/li>\n<li><strong>Local de origem : <\/strong> Hebei, China<\/li>\n<li><strong>Brand Name : <\/strong> OEM\/ODM<\/li>\n<li><strong>Nome do produto : <\/strong> Dog Food Bowl<\/li>\n<li><strong>Suitable for : <\/strong> Small animals<\/li>\n<\/ul>","protected":false},"excerpt":{"rendered":"<p>Type : Pet Bowls &amp; Feeders Item Type : Water Bottles Time Setting : NO LCD Display : NO Shape : Rounded Material : Copper;Plastic, Stainless Steel Material Voltage : Not Applicable Bowl &amp; Feeder Type : Bowls, Cups &amp; Pails Application : Small Animals Feature : Automatic, Non-automatic, Stocked, Stocked Place of Origin : [&hellip;]<\/p>","protected":false},"featured_media":674,"comment_status":"open","ping_status":"closed","template":"","meta":[],"product_cat":[36],"product_tag":[43,27],"class_list":{"0":"post-675","1":"product","2":"type-product","3":"status-publish","4":"has-post-thumbnail","6":"product_cat-smart-feeders","7":"product_tag-pet-bowls-feeders","8":"product_tag-pet-products","10":"first","11":"instock","12":"shipping-taxable","13":"product-type-simple"},"_links":{"self":[{"href":"https:\/\/catlitter-manufacturer.com\/pt\/wp-json\/wp\/v2\/product\/675","targetHints":{"allow":["GET"]}}],"collection":[{"href":"https:\/\/catlitter-manufacturer.com\/pt\/wp-json\/wp\/v2\/product"}],"about":[{"href":"https:\/\/catlitter-manufacturer.com\/pt\/wp-json\/wp\/v2\/types\/product"}],"replies":[{"embeddable":true,"href":"https:\/\/catlitter-manufacturer.com\/pt\/wp-json\/wp\/v2\/comments?post=675"}],"wp:featuredmedia":[{"embeddable":true,"href":"https:\/\/catlitter-manufacturer.com\/pt\/wp-json\/wp\/v2\/media\/674"}],"wp:attachment":[{"href":"https:\/\/catlitter-manufacturer.com\/pt\/wp-json\/wp\/v2\/media?parent=675"}],"wp:term":[{"taxonomy":"product_cat","embeddable":true,"href":"https:\/\/catlitter-manufacturer.com\/pt\/wp-json\/wp\/v2\/product_cat?post=675"},{"taxonomy":"product_tag","embeddable":true,"href":"https:\/\/catlitter-manufacturer.com\/pt\/wp-json\/wp\/v2\/product_tag?post=675"}],"curies":[{"name":"wp","href":"https:\/\/api.w.org\/{rel}","templated":true}]}}